{"id":918,"date":"2023-12-29T17:14:17","date_gmt":"2023-12-29T17:14:17","guid":{"rendered":"https:\/\/akademiakaprys.pl\/?post_type=product&#038;p=918"},"modified":"2024-01-23T00:48:48","modified_gmt":"2024-01-23T00:48:48","slug":"una-paloma-blanca-cover-z-dziadkami-jest-wesolo","status":"publish","type":"product","link":"https:\/\/akademiakaprys.pl\/?product=una-paloma-blanca-cover-z-dziadkami-jest-wesolo","title":{"rendered":"Una Paloma Blanca cover Z dziadkami jest weso\u0142o"},"content":{"rendered":"","protected":false},"excerpt":{"rendered":"<p style=\"text-align: center;\">&#8222;Una Paloma Blanca cover Z dziadkami jest weso\u0142o&#8221;.<\/p>\n<p style=\"text-align: center;\">S\u0142ynny hit zespo\u0142u George Baker Selection z polskim tekstem, kt\u00f3ry napisa\u0142a Katarzyna Czajkowska. Piosenk\u0119 z powodzeniem mo\u017cna wykorzysta\u0107 z okazji Dnia Babci i Dziadka.<\/p>\n<p style=\"text-align: center;\">Zestaw zawiera nagranie studyjne wersji wokalnej i instrumentalnej.<\/p>\n<p style=\"text-align: center;\">Zam\u00f3wienie b\u0119dzie zrealizowane po zaksi\u0119gowaniu wp\u0142aty na konto.<\/p>\n<p style=\"text-align: center;\">Po z\u0142o\u017ceniu zam\u00f3wienia prosimy sprawdzi\u0107 SPAM, poniewa\u017c zdarza si\u0119,<br \/>\n\u017ce link do pobrania plik\u00f3w do niego trafia.<\/p>\n","protected":false},"featured_media":919,"template":"","meta":[],"product_brand":[],"product_cat":[15],"product_tag":[27,29,42],"class_list":{"0":"post-918","1":"product","2":"type-product","3":"status-publish","4":"has-post-thumbnail","6":"product_cat-bez-kategorii","7":"product_tag-dzienbabciidziadka","8":"product_tag-dziendziadka","9":"product_tag-dzinbabci","11":"first","12":"instock","13":"downloadable","14":"shipping-taxable","15":"purchasable","16":"product-type-simple"},"yoast_head":"<!-- This site is optimized with the Yoast SEO plugin v26.9 - https:\/\/yoast.com\/product\/yoast-seo-wordpress\/ -->\n<title>Una Paloma Blanca cover Z dziadkami jest weso\u0142o -<\/title>\n<meta name=\"description\" content=\"Una Paloma Blanca cover Z dziadkami jest weso\u0142o. S\u0142ynny hit zespo\u0142u George Baker Selection z polskim tekstem, kt\u00f3ry napisa\u0142a Katarzyna Czajkowska. Piosenk\u0119 z powodzeniem mo\u017cna wykorzysta\u0107 z okazji Dnia Babci i Dziadka.\" \/>\n<meta name=\"robots\" content=\"index, follow, max-snippet:-1, max-image-preview:large, max-video-preview:-1\" \/>\n<link rel=\"canonical\" href=\"https:\/\/akademiakaprys.pl\/?product=una-paloma-blanca-cover-z-dziadkami-jest-wesolo\" \/>\n<meta property=\"og:locale\" content=\"pl_PL\" \/>\n<meta property=\"og:type\" content=\"article\" \/>\n<meta property=\"og:title\" content=\"Una Paloma Blanca cover Z dziadkami jest weso\u0142o -\" \/>\n<meta property=\"og:description\" content=\"Una Paloma Blanca cover Z dziadkami jest weso\u0142o. S\u0142ynny hit zespo\u0142u George Baker Selection z polskim tekstem, kt\u00f3ry napisa\u0142a Katarzyna Czajkowska. Piosenk\u0119 z powodzeniem mo\u017cna wykorzysta\u0107 z okazji Dnia Babci i Dziadka.\" \/>\n<meta property=\"og:url\" content=\"https:\/\/akademiakaprys.pl\/?product=una-paloma-blanca-cover-z-dziadkami-jest-wesolo\" \/>\n<meta property=\"article:modified_time\" content=\"2024-01-23T00:48:48+00:00\" \/>\n<meta property=\"og:image\" content=\"https:\/\/akademiakaprys.pl\/wp-content\/uploads\/2023\/12\/Z-dziadkami-jest-wesolo.jpg\" \/>\n\t<meta property=\"og:image:width\" content=\"1748\" \/>\n\t<meta property=\"og:image:height\" content=\"1240\" \/>\n\t<meta property=\"og:image:type\" content=\"image\/jpeg\" \/>\n<meta name=\"twitter:card\" content=\"summary_large_image\" \/>\n<meta name=\"twitter:label1\" content=\"Szacowany czas czytania\" \/>\n\t<meta name=\"twitter:data1\" content=\"1 minuta\" \/>\n<script type=\"application\/ld+json\" class=\"yoast-schema-graph\">{\"@context\":\"https:\/\/schema.org\",\"@graph\":[{\"@type\":\"WebPage\",\"@id\":\"https:\/\/akademiakaprys.pl\/?product=una-paloma-blanca-cover-z-dziadkami-jest-wesolo\",\"url\":\"https:\/\/akademiakaprys.pl\/?product=una-paloma-blanca-cover-z-dziadkami-jest-wesolo\",\"name\":\"Una Paloma Blanca cover Z dziadkami jest weso\u0142o -\",\"isPartOf\":{\"@id\":\"https:\/\/akademiakaprys.pl\/#website\"},\"primaryImageOfPage\":{\"@id\":\"https:\/\/akademiakaprys.pl\/?product=una-paloma-blanca-cover-z-dziadkami-jest-wesolo#primaryimage\"},\"image\":{\"@id\":\"https:\/\/akademiakaprys.pl\/?product=una-paloma-blanca-cover-z-dziadkami-jest-wesolo#primaryimage\"},\"thumbnailUrl\":\"https:\/\/akademiakaprys.pl\/wp-content\/uploads\/2023\/12\/Z-dziadkami-jest-wesolo.jpg\",\"datePublished\":\"2023-12-29T17:14:17+00:00\",\"dateModified\":\"2024-01-23T00:48:48+00:00\",\"description\":\"Una Paloma Blanca cover Z dziadkami jest weso\u0142o. S\u0142ynny hit zespo\u0142u George Baker Selection z polskim tekstem, kt\u00f3ry napisa\u0142a Katarzyna Czajkowska. Piosenk\u0119 z powodzeniem mo\u017cna wykorzysta\u0107 z okazji Dnia Babci i Dziadka.\",\"breadcrumb\":{\"@id\":\"https:\/\/akademiakaprys.pl\/?product=una-paloma-blanca-cover-z-dziadkami-jest-wesolo#breadcrumb\"},\"inLanguage\":\"pl-PL\",\"potentialAction\":[{\"@type\":\"ReadAction\",\"target\":[\"https:\/\/akademiakaprys.pl\/?product=una-paloma-blanca-cover-z-dziadkami-jest-wesolo\"]}]},{\"@type\":\"ImageObject\",\"inLanguage\":\"pl-PL\",\"@id\":\"https:\/\/akademiakaprys.pl\/?product=una-paloma-blanca-cover-z-dziadkami-jest-wesolo#primaryimage\",\"url\":\"https:\/\/akademiakaprys.pl\/wp-content\/uploads\/2023\/12\/Z-dziadkami-jest-wesolo.jpg\",\"contentUrl\":\"https:\/\/akademiakaprys.pl\/wp-content\/uploads\/2023\/12\/Z-dziadkami-jest-wesolo.jpg\",\"width\":1748,\"height\":1240},{\"@type\":\"BreadcrumbList\",\"@id\":\"https:\/\/akademiakaprys.pl\/?product=una-paloma-blanca-cover-z-dziadkami-jest-wesolo#breadcrumb\",\"itemListElement\":[{\"@type\":\"ListItem\",\"position\":1,\"name\":\"Strona g\u0142\u00f3wna\",\"item\":\"https:\/\/akademiakaprys.pl\/\"},{\"@type\":\"ListItem\",\"position\":2,\"name\":\"Sklep\",\"item\":\"https:\/\/akademiakaprys.pl\/?page_id=23\"},{\"@type\":\"ListItem\",\"position\":3,\"name\":\"Una Paloma Blanca cover Z dziadkami jest weso\u0142o\"}]},{\"@type\":\"WebSite\",\"@id\":\"https:\/\/akademiakaprys.pl\/#website\",\"url\":\"https:\/\/akademiakaprys.pl\/\",\"name\":\"\",\"description\":\"\",\"potentialAction\":[{\"@type\":\"SearchAction\",\"target\":{\"@type\":\"EntryPoint\",\"urlTemplate\":\"https:\/\/akademiakaprys.pl\/?s={search_term_string}\"},\"query-input\":{\"@type\":\"PropertyValueSpecification\",\"valueRequired\":true,\"valueName\":\"search_term_string\"}}],\"inLanguage\":\"pl-PL\"}]}<\/script>\n<!-- \/ Yoast SEO plugin. -->","yoast_head_json":{"title":"Una Paloma Blanca cover Z dziadkami jest weso\u0142o -","description":"Una Paloma Blanca cover Z dziadkami jest weso\u0142o. S\u0142ynny hit zespo\u0142u George Baker Selection z polskim tekstem, kt\u00f3ry napisa\u0142a Katarzyna Czajkowska. Piosenk\u0119 z powodzeniem mo\u017cna wykorzysta\u0107 z okazji Dnia Babci i Dziadka.","robots":{"index":"index","follow":"follow","max-snippet":"max-snippet:-1","max-image-preview":"max-image-preview:large","max-video-preview":"max-video-preview:-1"},"canonical":"https:\/\/akademiakaprys.pl\/?product=una-paloma-blanca-cover-z-dziadkami-jest-wesolo","og_locale":"pl_PL","og_type":"article","og_title":"Una Paloma Blanca cover Z dziadkami jest weso\u0142o -","og_description":"Una Paloma Blanca cover Z dziadkami jest weso\u0142o. S\u0142ynny hit zespo\u0142u George Baker Selection z polskim tekstem, kt\u00f3ry napisa\u0142a Katarzyna Czajkowska. Piosenk\u0119 z powodzeniem mo\u017cna wykorzysta\u0107 z okazji Dnia Babci i Dziadka.","og_url":"https:\/\/akademiakaprys.pl\/?product=una-paloma-blanca-cover-z-dziadkami-jest-wesolo","article_modified_time":"2024-01-23T00:48:48+00:00","og_image":[{"width":1748,"height":1240,"url":"https:\/\/akademiakaprys.pl\/wp-content\/uploads\/2023\/12\/Z-dziadkami-jest-wesolo.jpg","type":"image\/jpeg"}],"twitter_card":"summary_large_image","twitter_misc":{"Szacowany czas czytania":"1 minuta"},"schema":{"@context":"https:\/\/schema.org","@graph":[{"@type":"WebPage","@id":"https:\/\/akademiakaprys.pl\/?product=una-paloma-blanca-cover-z-dziadkami-jest-wesolo","url":"https:\/\/akademiakaprys.pl\/?product=una-paloma-blanca-cover-z-dziadkami-jest-wesolo","name":"Una Paloma Blanca cover Z dziadkami jest weso\u0142o -","isPartOf":{"@id":"https:\/\/akademiakaprys.pl\/#website"},"primaryImageOfPage":{"@id":"https:\/\/akademiakaprys.pl\/?product=una-paloma-blanca-cover-z-dziadkami-jest-wesolo#primaryimage"},"image":{"@id":"https:\/\/akademiakaprys.pl\/?product=una-paloma-blanca-cover-z-dziadkami-jest-wesolo#primaryimage"},"thumbnailUrl":"https:\/\/akademiakaprys.pl\/wp-content\/uploads\/2023\/12\/Z-dziadkami-jest-wesolo.jpg","datePublished":"2023-12-29T17:14:17+00:00","dateModified":"2024-01-23T00:48:48+00:00","description":"Una Paloma Blanca cover Z dziadkami jest weso\u0142o. S\u0142ynny hit zespo\u0142u George Baker Selection z polskim tekstem, kt\u00f3ry napisa\u0142a Katarzyna Czajkowska. Piosenk\u0119 z powodzeniem mo\u017cna wykorzysta\u0107 z okazji Dnia Babci i Dziadka.","breadcrumb":{"@id":"https:\/\/akademiakaprys.pl\/?product=una-paloma-blanca-cover-z-dziadkami-jest-wesolo#breadcrumb"},"inLanguage":"pl-PL","potentialAction":[{"@type":"ReadAction","target":["https:\/\/akademiakaprys.pl\/?product=una-paloma-blanca-cover-z-dziadkami-jest-wesolo"]}]},{"@type":"ImageObject","inLanguage":"pl-PL","@id":"https:\/\/akademiakaprys.pl\/?product=una-paloma-blanca-cover-z-dziadkami-jest-wesolo#primaryimage","url":"https:\/\/akademiakaprys.pl\/wp-content\/uploads\/2023\/12\/Z-dziadkami-jest-wesolo.jpg","contentUrl":"https:\/\/akademiakaprys.pl\/wp-content\/uploads\/2023\/12\/Z-dziadkami-jest-wesolo.jpg","width":1748,"height":1240},{"@type":"BreadcrumbList","@id":"https:\/\/akademiakaprys.pl\/?product=una-paloma-blanca-cover-z-dziadkami-jest-wesolo#breadcrumb","itemListElement":[{"@type":"ListItem","position":1,"name":"Strona g\u0142\u00f3wna","item":"https:\/\/akademiakaprys.pl\/"},{"@type":"ListItem","position":2,"name":"Sklep","item":"https:\/\/akademiakaprys.pl\/?page_id=23"},{"@type":"ListItem","position":3,"name":"Una Paloma Blanca cover Z dziadkami jest weso\u0142o"}]},{"@type":"WebSite","@id":"https:\/\/akademiakaprys.pl\/#website","url":"https:\/\/akademiakaprys.pl\/","name":"","description":"","potentialAction":[{"@type":"SearchAction","target":{"@type":"EntryPoint","urlTemplate":"https:\/\/akademiakaprys.pl\/?s={search_term_string}"},"query-input":{"@type":"PropertyValueSpecification","valueRequired":true,"valueName":"search_term_string"}}],"inLanguage":"pl-PL"}]}},"jetpack_sharing_enabled":true,"_links":{"self":[{"href":"https:\/\/akademiakaprys.pl\/index.php?rest_route=\/wp\/v2\/product\/918","targetHints":{"allow":["GET"]}}],"collection":[{"href":"https:\/\/akademiakaprys.pl\/index.php?rest_route=\/wp\/v2\/product"}],"about":[{"href":"https:\/\/akademiakaprys.pl\/index.php?rest_route=\/wp\/v2\/types\/product"}],"wp:featuredmedia":[{"embeddable":true,"href":"https:\/\/akademiakaprys.pl\/index.php?rest_route=\/wp\/v2\/media\/919"}],"wp:attachment":[{"href":"https:\/\/akademiakaprys.pl\/index.php?rest_route=%2Fwp%2Fv2%2Fmedia&parent=918"}],"wp:term":[{"taxonomy":"product_brand","embeddable":true,"href":"https:\/\/akademiakaprys.pl\/index.php?rest_route=%2Fwp%2Fv2%2Fproduct_brand&post=918"},{"taxonomy":"product_cat","embeddable":true,"href":"https:\/\/akademiakaprys.pl\/index.php?rest_route=%2Fwp%2Fv2%2Fproduct_cat&post=918"},{"taxonomy":"product_tag","embeddable":true,"href":"https:\/\/akademiakaprys.pl\/index.php?rest_route=%2Fwp%2Fv2%2Fproduct_tag&post=918"}],"curies":[{"name":"wp","href":"https:\/\/api.w.org\/{rel}","templated":true}]}}