{"id":729,"date":"2023-03-26T18:54:38","date_gmt":"2023-03-26T18:54:38","guid":{"rendered":"https:\/\/akademiakaprys.pl\/?post_type=product&#038;p=729"},"modified":"2023-11-01T02:56:47","modified_gmt":"2023-11-01T02:56:47","slug":"kostka","status":"publish","type":"product","link":"https:\/\/akademiakaprys.pl\/?product=kostka","title":{"rendered":"&#8222;Kostka&#8221; &#8211; zabawa matematyczna"},"content":{"rendered":"<p>Zabawa matematyczna doskonal\u0105ca u dzieci umiej\u0119tno\u015b\u0107 liczenia w zakresie do 6 oraz czytania globalnego.<br \/>\nPropozycja przeprowadzenia zabawy zosta\u0142a zaprezentowana na kanale YouTube Akademii Kaprys.<\/p>\n<p>Pliki s\u0105 udost\u0119pniane automatycznie w przypadku dokonania p\u0142atno\u015bci za pomoc\u0105 PayPal lub Przelewy24.<\/p>\n<p>Je\u015bli dokonano p\u0142atno\u015bci za pomoc\u0105 przelewu tradycyjnego, pliki zostan\u0105 udost\u0119pnione po zaksi\u0119gowaniu wp\u0142aty na konto.<\/p>\n<p>Po z\u0142o\u017ceniu zam\u00f3wienia prosimy o sprawdzenie SPAM, poniewa\u017c zdarza si\u0119, \u017ce link do pobrania plik\u00f3w do niego trafia.<\/p>\n","protected":false},"excerpt":{"rendered":"<p>Zabawa matematyczna doskonal\u0105ca u dzieci umiej\u0119tno\u015b\u0107 liczenia w zakresie do 6 oraz czytania globalnego. Zestaw zawiera plik mp3 oraz pliki pdf do samodzielnego wydrukowania, kt\u00f3re s\u0105 niezb\u0119dne do przeprowadzenia zabawy.<\/p>\n","protected":false},"featured_media":730,"template":"","meta":[],"product_brand":[],"product_cat":[15],"product_tag":[36],"class_list":{"0":"post-729","1":"product","2":"type-product","3":"status-publish","4":"has-post-thumbnail","6":"product_cat-bez-kategorii","7":"product_tag-rytmikawprzedszkolu-zabawymuzycznoruchowe-zabawymatematyczne-muzyczneinspiracje","9":"first","10":"instock","11":"downloadable","12":"shipping-taxable","13":"purchasable","14":"product-type-simple"},"yoast_head":"<!-- This site is optimized with the Yoast SEO plugin v26.9 - https:\/\/yoast.com\/product\/yoast-seo-wordpress\/ -->\n<title>&quot;Kostka&quot; - zabawa matematyczna -<\/title>\n<meta name=\"description\" content=\"Zabawa matematyczna doskonal\u0105ca u dzieci umiej\u0119tno\u015b\u0107 liczenia w zakresie do 6 oraz czytania globalnego. Zestaw zawiera plik mp3 oraz pliki pdf do samodzielnego wydrukowania, kt\u00f3re s\u0105 niezb\u0119dne do przeprowadzenia zabawy. Propozycja przeprowadzenia zabawy zosta\u0142a zaprezentowana na kanale YouTube Akademii Kaprys.https:\/\/www.youtube.com\/watch?v=NoE7dgQDWUEPliki s\u0105 udost\u0119pniane automatycznie w przypadku dokonania p\u0142atno\u015bci za pomoc\u0105 PayPal lub Przelewy24.Je\u015bli dokonano p\u0142atno\u015bci za pomoc\u0105 przelewu tradycyjnego, pliki zostan\u0105 udost\u0119pnione po zaksi\u0119gowaniu wp\u0142aty na konto. Po z\u0142o\u017ceniu zam\u00f3wienia prosimy o sprawdzenie SPAM, poniewa\u017c zdarza si\u0119, \u017ce link do pobrania plik\u00f3w do niego trafia.\" \/>\n<meta name=\"robots\" content=\"index, follow, max-snippet:-1, max-image-preview:large, max-video-preview:-1\" \/>\n<link rel=\"canonical\" href=\"https:\/\/akademiakaprys.pl\/?product=kostka\" \/>\n<meta property=\"og:locale\" content=\"pl_PL\" \/>\n<meta property=\"og:type\" content=\"article\" \/>\n<meta property=\"og:title\" content=\"&quot;Kostka&quot; - zabawa matematyczna -\" \/>\n<meta property=\"og:description\" content=\"Zabawa matematyczna doskonal\u0105ca u dzieci umiej\u0119tno\u015b\u0107 liczenia w zakresie do 6 oraz czytania globalnego. Zestaw zawiera plik mp3 oraz pliki pdf do samodzielnego wydrukowania, kt\u00f3re s\u0105 niezb\u0119dne do przeprowadzenia zabawy. Propozycja przeprowadzenia zabawy zosta\u0142a zaprezentowana na kanale YouTube Akademii Kaprys.https:\/\/www.youtube.com\/watch?v=NoE7dgQDWUEPliki s\u0105 udost\u0119pniane automatycznie w przypadku dokonania p\u0142atno\u015bci za pomoc\u0105 PayPal lub Przelewy24.Je\u015bli dokonano p\u0142atno\u015bci za pomoc\u0105 przelewu tradycyjnego, pliki zostan\u0105 udost\u0119pnione po zaksi\u0119gowaniu wp\u0142aty na konto. Po z\u0142o\u017ceniu zam\u00f3wienia prosimy o sprawdzenie SPAM, poniewa\u017c zdarza si\u0119, \u017ce link do pobrania plik\u00f3w do niego trafia.\" \/>\n<meta property=\"og:url\" content=\"https:\/\/akademiakaprys.pl\/?product=kostka\" \/>\n<meta property=\"article:modified_time\" content=\"2023-11-01T02:56:47+00:00\" \/>\n<meta property=\"og:image\" content=\"https:\/\/akademiakaprys.pl\/wp-content\/uploads\/2023\/03\/Kostka.jpg\" \/>\n\t<meta property=\"og:image:width\" content=\"2339\" \/>\n\t<meta property=\"og:image:height\" content=\"1654\" \/>\n\t<meta property=\"og:image:type\" content=\"image\/jpeg\" \/>\n<meta name=\"twitter:card\" content=\"summary_large_image\" \/>\n<meta name=\"twitter:label1\" content=\"Szacowany czas czytania\" \/>\n\t<meta name=\"twitter:data1\" content=\"1 minuta\" \/>\n<script type=\"application\/ld+json\" class=\"yoast-schema-graph\">{\"@context\":\"https:\/\/schema.org\",\"@graph\":[{\"@type\":\"WebPage\",\"@id\":\"https:\/\/akademiakaprys.pl\/?product=kostka\",\"url\":\"https:\/\/akademiakaprys.pl\/?product=kostka\",\"name\":\"\\\"Kostka\\\" - zabawa matematyczna -\",\"isPartOf\":{\"@id\":\"https:\/\/akademiakaprys.pl\/#website\"},\"primaryImageOfPage\":{\"@id\":\"https:\/\/akademiakaprys.pl\/?product=kostka#primaryimage\"},\"image\":{\"@id\":\"https:\/\/akademiakaprys.pl\/?product=kostka#primaryimage\"},\"thumbnailUrl\":\"https:\/\/akademiakaprys.pl\/wp-content\/uploads\/2023\/03\/Kostka.jpg\",\"datePublished\":\"2023-03-26T18:54:38+00:00\",\"dateModified\":\"2023-11-01T02:56:47+00:00\",\"description\":\"Zabawa matematyczna doskonal\u0105ca u dzieci umiej\u0119tno\u015b\u0107 liczenia w zakresie do 6 oraz czytania globalnego. Zestaw zawiera plik mp3 oraz pliki pdf do samodzielnego wydrukowania, kt\u00f3re s\u0105 niezb\u0119dne do przeprowadzenia zabawy. Propozycja przeprowadzenia zabawy zosta\u0142a zaprezentowana na kanale YouTube Akademii Kaprys.https:\/\/www.youtube.com\/watch?v=NoE7dgQDWUEPliki s\u0105 udost\u0119pniane automatycznie w przypadku dokonania p\u0142atno\u015bci za pomoc\u0105 PayPal lub Przelewy24.Je\u015bli dokonano p\u0142atno\u015bci za pomoc\u0105 przelewu tradycyjnego, pliki zostan\u0105 udost\u0119pnione po zaksi\u0119gowaniu wp\u0142aty na konto. Po z\u0142o\u017ceniu zam\u00f3wienia prosimy o sprawdzenie SPAM, poniewa\u017c zdarza si\u0119, \u017ce link do pobrania plik\u00f3w do niego trafia.\",\"breadcrumb\":{\"@id\":\"https:\/\/akademiakaprys.pl\/?product=kostka#breadcrumb\"},\"inLanguage\":\"pl-PL\",\"potentialAction\":[{\"@type\":\"ReadAction\",\"target\":[\"https:\/\/akademiakaprys.pl\/?product=kostka\"]}]},{\"@type\":\"ImageObject\",\"inLanguage\":\"pl-PL\",\"@id\":\"https:\/\/akademiakaprys.pl\/?product=kostka#primaryimage\",\"url\":\"https:\/\/akademiakaprys.pl\/wp-content\/uploads\/2023\/03\/Kostka.jpg\",\"contentUrl\":\"https:\/\/akademiakaprys.pl\/wp-content\/uploads\/2023\/03\/Kostka.jpg\",\"width\":2339,\"height\":1654},{\"@type\":\"BreadcrumbList\",\"@id\":\"https:\/\/akademiakaprys.pl\/?product=kostka#breadcrumb\",\"itemListElement\":[{\"@type\":\"ListItem\",\"position\":1,\"name\":\"Strona g\u0142\u00f3wna\",\"item\":\"https:\/\/akademiakaprys.pl\/\"},{\"@type\":\"ListItem\",\"position\":2,\"name\":\"Sklep\",\"item\":\"https:\/\/akademiakaprys.pl\/?page_id=23\"},{\"@type\":\"ListItem\",\"position\":3,\"name\":\"&#8222;Kostka&#8221; &#8211; zabawa matematyczna\"}]},{\"@type\":\"WebSite\",\"@id\":\"https:\/\/akademiakaprys.pl\/#website\",\"url\":\"https:\/\/akademiakaprys.pl\/\",\"name\":\"\",\"description\":\"\",\"potentialAction\":[{\"@type\":\"SearchAction\",\"target\":{\"@type\":\"EntryPoint\",\"urlTemplate\":\"https:\/\/akademiakaprys.pl\/?s={search_term_string}\"},\"query-input\":{\"@type\":\"PropertyValueSpecification\",\"valueRequired\":true,\"valueName\":\"search_term_string\"}}],\"inLanguage\":\"pl-PL\"}]}<\/script>\n<!-- \/ Yoast SEO plugin. -->","yoast_head_json":{"title":"\"Kostka\" - zabawa matematyczna -","description":"Zabawa matematyczna doskonal\u0105ca u dzieci umiej\u0119tno\u015b\u0107 liczenia w zakresie do 6 oraz czytania globalnego. Zestaw zawiera plik mp3 oraz pliki pdf do samodzielnego wydrukowania, kt\u00f3re s\u0105 niezb\u0119dne do przeprowadzenia zabawy. Propozycja przeprowadzenia zabawy zosta\u0142a zaprezentowana na kanale YouTube Akademii Kaprys.https:\/\/www.youtube.com\/watch?v=NoE7dgQDWUEPliki s\u0105 udost\u0119pniane automatycznie w przypadku dokonania p\u0142atno\u015bci za pomoc\u0105 PayPal lub Przelewy24.Je\u015bli dokonano p\u0142atno\u015bci za pomoc\u0105 przelewu tradycyjnego, pliki zostan\u0105 udost\u0119pnione po zaksi\u0119gowaniu wp\u0142aty na konto. Po z\u0142o\u017ceniu zam\u00f3wienia prosimy o sprawdzenie SPAM, poniewa\u017c zdarza si\u0119, \u017ce link do pobrania plik\u00f3w do niego trafia.","robots":{"index":"index","follow":"follow","max-snippet":"max-snippet:-1","max-image-preview":"max-image-preview:large","max-video-preview":"max-video-preview:-1"},"canonical":"https:\/\/akademiakaprys.pl\/?product=kostka","og_locale":"pl_PL","og_type":"article","og_title":"\"Kostka\" - zabawa matematyczna -","og_description":"Zabawa matematyczna doskonal\u0105ca u dzieci umiej\u0119tno\u015b\u0107 liczenia w zakresie do 6 oraz czytania globalnego. Zestaw zawiera plik mp3 oraz pliki pdf do samodzielnego wydrukowania, kt\u00f3re s\u0105 niezb\u0119dne do przeprowadzenia zabawy. Propozycja przeprowadzenia zabawy zosta\u0142a zaprezentowana na kanale YouTube Akademii Kaprys.https:\/\/www.youtube.com\/watch?v=NoE7dgQDWUEPliki s\u0105 udost\u0119pniane automatycznie w przypadku dokonania p\u0142atno\u015bci za pomoc\u0105 PayPal lub Przelewy24.Je\u015bli dokonano p\u0142atno\u015bci za pomoc\u0105 przelewu tradycyjnego, pliki zostan\u0105 udost\u0119pnione po zaksi\u0119gowaniu wp\u0142aty na konto. Po z\u0142o\u017ceniu zam\u00f3wienia prosimy o sprawdzenie SPAM, poniewa\u017c zdarza si\u0119, \u017ce link do pobrania plik\u00f3w do niego trafia.","og_url":"https:\/\/akademiakaprys.pl\/?product=kostka","article_modified_time":"2023-11-01T02:56:47+00:00","og_image":[{"width":2339,"height":1654,"url":"https:\/\/akademiakaprys.pl\/wp-content\/uploads\/2023\/03\/Kostka.jpg","type":"image\/jpeg"}],"twitter_card":"summary_large_image","twitter_misc":{"Szacowany czas czytania":"1 minuta"},"schema":{"@context":"https:\/\/schema.org","@graph":[{"@type":"WebPage","@id":"https:\/\/akademiakaprys.pl\/?product=kostka","url":"https:\/\/akademiakaprys.pl\/?product=kostka","name":"\"Kostka\" - zabawa matematyczna -","isPartOf":{"@id":"https:\/\/akademiakaprys.pl\/#website"},"primaryImageOfPage":{"@id":"https:\/\/akademiakaprys.pl\/?product=kostka#primaryimage"},"image":{"@id":"https:\/\/akademiakaprys.pl\/?product=kostka#primaryimage"},"thumbnailUrl":"https:\/\/akademiakaprys.pl\/wp-content\/uploads\/2023\/03\/Kostka.jpg","datePublished":"2023-03-26T18:54:38+00:00","dateModified":"2023-11-01T02:56:47+00:00","description":"Zabawa matematyczna doskonal\u0105ca u dzieci umiej\u0119tno\u015b\u0107 liczenia w zakresie do 6 oraz czytania globalnego. Zestaw zawiera plik mp3 oraz pliki pdf do samodzielnego wydrukowania, kt\u00f3re s\u0105 niezb\u0119dne do przeprowadzenia zabawy. Propozycja przeprowadzenia zabawy zosta\u0142a zaprezentowana na kanale YouTube Akademii Kaprys.https:\/\/www.youtube.com\/watch?v=NoE7dgQDWUEPliki s\u0105 udost\u0119pniane automatycznie w przypadku dokonania p\u0142atno\u015bci za pomoc\u0105 PayPal lub Przelewy24.Je\u015bli dokonano p\u0142atno\u015bci za pomoc\u0105 przelewu tradycyjnego, pliki zostan\u0105 udost\u0119pnione po zaksi\u0119gowaniu wp\u0142aty na konto. Po z\u0142o\u017ceniu zam\u00f3wienia prosimy o sprawdzenie SPAM, poniewa\u017c zdarza si\u0119, \u017ce link do pobrania plik\u00f3w do niego trafia.","breadcrumb":{"@id":"https:\/\/akademiakaprys.pl\/?product=kostka#breadcrumb"},"inLanguage":"pl-PL","potentialAction":[{"@type":"ReadAction","target":["https:\/\/akademiakaprys.pl\/?product=kostka"]}]},{"@type":"ImageObject","inLanguage":"pl-PL","@id":"https:\/\/akademiakaprys.pl\/?product=kostka#primaryimage","url":"https:\/\/akademiakaprys.pl\/wp-content\/uploads\/2023\/03\/Kostka.jpg","contentUrl":"https:\/\/akademiakaprys.pl\/wp-content\/uploads\/2023\/03\/Kostka.jpg","width":2339,"height":1654},{"@type":"BreadcrumbList","@id":"https:\/\/akademiakaprys.pl\/?product=kostka#breadcrumb","itemListElement":[{"@type":"ListItem","position":1,"name":"Strona g\u0142\u00f3wna","item":"https:\/\/akademiakaprys.pl\/"},{"@type":"ListItem","position":2,"name":"Sklep","item":"https:\/\/akademiakaprys.pl\/?page_id=23"},{"@type":"ListItem","position":3,"name":"&#8222;Kostka&#8221; &#8211; zabawa matematyczna"}]},{"@type":"WebSite","@id":"https:\/\/akademiakaprys.pl\/#website","url":"https:\/\/akademiakaprys.pl\/","name":"","description":"","potentialAction":[{"@type":"SearchAction","target":{"@type":"EntryPoint","urlTemplate":"https:\/\/akademiakaprys.pl\/?s={search_term_string}"},"query-input":{"@type":"PropertyValueSpecification","valueRequired":true,"valueName":"search_term_string"}}],"inLanguage":"pl-PL"}]}},"jetpack_sharing_enabled":true,"_links":{"self":[{"href":"https:\/\/akademiakaprys.pl\/index.php?rest_route=\/wp\/v2\/product\/729","targetHints":{"allow":["GET"]}}],"collection":[{"href":"https:\/\/akademiakaprys.pl\/index.php?rest_route=\/wp\/v2\/product"}],"about":[{"href":"https:\/\/akademiakaprys.pl\/index.php?rest_route=\/wp\/v2\/types\/product"}],"wp:featuredmedia":[{"embeddable":true,"href":"https:\/\/akademiakaprys.pl\/index.php?rest_route=\/wp\/v2\/media\/730"}],"wp:attachment":[{"href":"https:\/\/akademiakaprys.pl\/index.php?rest_route=%2Fwp%2Fv2%2Fmedia&parent=729"}],"wp:term":[{"taxonomy":"product_brand","embeddable":true,"href":"https:\/\/akademiakaprys.pl\/index.php?rest_route=%2Fwp%2Fv2%2Fproduct_brand&post=729"},{"taxonomy":"product_cat","embeddable":true,"href":"https:\/\/akademiakaprys.pl\/index.php?rest_route=%2Fwp%2Fv2%2Fproduct_cat&post=729"},{"taxonomy":"product_tag","embeddable":true,"href":"https:\/\/akademiakaprys.pl\/index.php?rest_route=%2Fwp%2Fv2%2Fproduct_tag&post=729"}],"curies":[{"name":"wp","href":"https:\/\/api.w.org\/{rel}","templated":true}]}}