{"id":561,"date":"2022-09-28T17:24:20","date_gmt":"2022-09-28T17:24:20","guid":{"rendered":"https:\/\/akademiakaprys.pl\/?post_type=product&#038;p=561"},"modified":"2022-10-03T02:36:16","modified_gmt":"2022-10-03T02:36:16","slug":"maszeruje-skrzat","status":"publish","type":"product","link":"https:\/\/akademiakaprys.pl\/?product=maszeruje-skrzat","title":{"rendered":"Maszeruje skrzat"},"content":{"rendered":"","protected":false},"excerpt":{"rendered":"<p>&#8222;Maszeruje skrzat&#8221; &#8211; zabawa orientacyjno &#8211; porz\u0105dkowa i integracyjna.<\/p>\n<p>Zestaw zawiera piosenk\u0119 w pliku mp3 oraz pdf z tekstem i opisem zabawy.<\/p>\n<p>&nbsp;<\/p>\n<p>&nbsp;<\/p>\n<p>Pliki s\u0105 udost\u0119pniane automatycznie w przypadku dokonania p\u0142atno\u015bci za pomoc\u0105 PayPal lub Przelewy24.<\/p>\n<p>Je\u015bli dokonano p\u0142atno\u015bci za pomoc\u0105 przelewu tradycyjnego, pliki zostan\u0105 udost\u0119pnione po zaksi\u0119gowaniu wp\u0142aty na konto.<\/p>\n<p>Po z\u0142o\u017ceniu zam\u00f3wienia prosimy o sprawdzenie SPAM, poniewa\u017c zdarza si\u0119, \u017ce link do pobrania plik\u00f3w do niego trafia.<\/p>\n<p>&nbsp;<\/p>\n","protected":false},"featured_media":563,"template":"","meta":[],"product_brand":[],"product_cat":[15],"product_tag":[21,33,19,17,22],"class_list":{"0":"post-561","1":"product","2":"type-product","3":"status-publish","4":"has-post-thumbnail","6":"product_cat-bez-kategorii","7":"product_tag-akademiakaprys","8":"product_tag-maszrujeskrzat-zabawymuzycznoruchowe-inspiracjemuzyczne-zabawymuzycznoruchowedladzieci-zajeciarytmiczne","9":"product_tag-piosenkidladzieci","10":"product_tag-zabawymuzyczne","11":"product_tag-zabawymuzycznoruchowe","13":"first","14":"instock","15":"downloadable","16":"shipping-taxable","17":"purchasable","18":"product-type-simple"},"yoast_head":"<!-- This site is optimized with the Yoast SEO plugin v26.9 - https:\/\/yoast.com\/product\/yoast-seo-wordpress\/ -->\n<title>Maszeruje skrzat -<\/title>\n<meta name=\"description\" content=\"Maszeruje skrzat - zabawa orientacyjno-porz\u0105dkowa i integracyjna dla dzieci.\" \/>\n<meta name=\"robots\" content=\"index, follow, max-snippet:-1, max-image-preview:large, max-video-preview:-1\" \/>\n<link rel=\"canonical\" href=\"https:\/\/akademiakaprys.pl\/?product=maszeruje-skrzat\" \/>\n<meta property=\"og:locale\" content=\"pl_PL\" \/>\n<meta property=\"og:type\" content=\"article\" \/>\n<meta property=\"og:title\" content=\"Maszeruje skrzat -\" \/>\n<meta property=\"og:description\" content=\"Maszeruje skrzat - zabawa orientacyjno-porz\u0105dkowa i integracyjna dla dzieci.\" \/>\n<meta property=\"og:url\" content=\"https:\/\/akademiakaprys.pl\/?product=maszeruje-skrzat\" \/>\n<meta property=\"article:modified_time\" content=\"2022-10-03T02:36:16+00:00\" \/>\n<meta property=\"og:image\" content=\"https:\/\/akademiakaprys.pl\/wp-content\/uploads\/2022\/09\/Maszeruje-skrzat-foto.jpg\" \/>\n\t<meta property=\"og:image:width\" content=\"1028\" \/>\n\t<meta property=\"og:image:height\" content=\"924\" \/>\n\t<meta property=\"og:image:type\" content=\"image\/jpeg\" \/>\n<meta name=\"twitter:card\" content=\"summary_large_image\" \/>\n<script type=\"application\/ld+json\" class=\"yoast-schema-graph\">{\"@context\":\"https:\/\/schema.org\",\"@graph\":[{\"@type\":\"WebPage\",\"@id\":\"https:\/\/akademiakaprys.pl\/?product=maszeruje-skrzat\",\"url\":\"https:\/\/akademiakaprys.pl\/?product=maszeruje-skrzat\",\"name\":\"Maszeruje skrzat -\",\"isPartOf\":{\"@id\":\"https:\/\/akademiakaprys.pl\/#website\"},\"primaryImageOfPage\":{\"@id\":\"https:\/\/akademiakaprys.pl\/?product=maszeruje-skrzat#primaryimage\"},\"image\":{\"@id\":\"https:\/\/akademiakaprys.pl\/?product=maszeruje-skrzat#primaryimage\"},\"thumbnailUrl\":\"https:\/\/akademiakaprys.pl\/wp-content\/uploads\/2022\/09\/Maszeruje-skrzat-foto.jpg\",\"datePublished\":\"2022-09-28T17:24:20+00:00\",\"dateModified\":\"2022-10-03T02:36:16+00:00\",\"description\":\"Maszeruje skrzat - zabawa orientacyjno-porz\u0105dkowa i integracyjna dla dzieci.\",\"breadcrumb\":{\"@id\":\"https:\/\/akademiakaprys.pl\/?product=maszeruje-skrzat#breadcrumb\"},\"inLanguage\":\"pl-PL\",\"potentialAction\":[{\"@type\":\"ReadAction\",\"target\":[\"https:\/\/akademiakaprys.pl\/?product=maszeruje-skrzat\"]}]},{\"@type\":\"ImageObject\",\"inLanguage\":\"pl-PL\",\"@id\":\"https:\/\/akademiakaprys.pl\/?product=maszeruje-skrzat#primaryimage\",\"url\":\"https:\/\/akademiakaprys.pl\/wp-content\/uploads\/2022\/09\/Maszeruje-skrzat-foto.jpg\",\"contentUrl\":\"https:\/\/akademiakaprys.pl\/wp-content\/uploads\/2022\/09\/Maszeruje-skrzat-foto.jpg\",\"width\":1028,\"height\":924,\"caption\":\"Maszeruje skrzat foto\"},{\"@type\":\"BreadcrumbList\",\"@id\":\"https:\/\/akademiakaprys.pl\/?product=maszeruje-skrzat#breadcrumb\",\"itemListElement\":[{\"@type\":\"ListItem\",\"position\":1,\"name\":\"Strona g\u0142\u00f3wna\",\"item\":\"https:\/\/akademiakaprys.pl\/\"},{\"@type\":\"ListItem\",\"position\":2,\"name\":\"Sklep\",\"item\":\"https:\/\/akademiakaprys.pl\/?page_id=23\"},{\"@type\":\"ListItem\",\"position\":3,\"name\":\"Maszeruje skrzat\"}]},{\"@type\":\"WebSite\",\"@id\":\"https:\/\/akademiakaprys.pl\/#website\",\"url\":\"https:\/\/akademiakaprys.pl\/\",\"name\":\"\",\"description\":\"\",\"potentialAction\":[{\"@type\":\"SearchAction\",\"target\":{\"@type\":\"EntryPoint\",\"urlTemplate\":\"https:\/\/akademiakaprys.pl\/?s={search_term_string}\"},\"query-input\":{\"@type\":\"PropertyValueSpecification\",\"valueRequired\":true,\"valueName\":\"search_term_string\"}}],\"inLanguage\":\"pl-PL\"}]}<\/script>\n<!-- \/ Yoast SEO plugin. -->","yoast_head_json":{"title":"Maszeruje skrzat -","description":"Maszeruje skrzat - zabawa orientacyjno-porz\u0105dkowa i integracyjna dla dzieci.","robots":{"index":"index","follow":"follow","max-snippet":"max-snippet:-1","max-image-preview":"max-image-preview:large","max-video-preview":"max-video-preview:-1"},"canonical":"https:\/\/akademiakaprys.pl\/?product=maszeruje-skrzat","og_locale":"pl_PL","og_type":"article","og_title":"Maszeruje skrzat -","og_description":"Maszeruje skrzat - zabawa orientacyjno-porz\u0105dkowa i integracyjna dla dzieci.","og_url":"https:\/\/akademiakaprys.pl\/?product=maszeruje-skrzat","article_modified_time":"2022-10-03T02:36:16+00:00","og_image":[{"width":1028,"height":924,"url":"https:\/\/akademiakaprys.pl\/wp-content\/uploads\/2022\/09\/Maszeruje-skrzat-foto.jpg","type":"image\/jpeg"}],"twitter_card":"summary_large_image","schema":{"@context":"https:\/\/schema.org","@graph":[{"@type":"WebPage","@id":"https:\/\/akademiakaprys.pl\/?product=maszeruje-skrzat","url":"https:\/\/akademiakaprys.pl\/?product=maszeruje-skrzat","name":"Maszeruje skrzat -","isPartOf":{"@id":"https:\/\/akademiakaprys.pl\/#website"},"primaryImageOfPage":{"@id":"https:\/\/akademiakaprys.pl\/?product=maszeruje-skrzat#primaryimage"},"image":{"@id":"https:\/\/akademiakaprys.pl\/?product=maszeruje-skrzat#primaryimage"},"thumbnailUrl":"https:\/\/akademiakaprys.pl\/wp-content\/uploads\/2022\/09\/Maszeruje-skrzat-foto.jpg","datePublished":"2022-09-28T17:24:20+00:00","dateModified":"2022-10-03T02:36:16+00:00","description":"Maszeruje skrzat - zabawa orientacyjno-porz\u0105dkowa i integracyjna dla dzieci.","breadcrumb":{"@id":"https:\/\/akademiakaprys.pl\/?product=maszeruje-skrzat#breadcrumb"},"inLanguage":"pl-PL","potentialAction":[{"@type":"ReadAction","target":["https:\/\/akademiakaprys.pl\/?product=maszeruje-skrzat"]}]},{"@type":"ImageObject","inLanguage":"pl-PL","@id":"https:\/\/akademiakaprys.pl\/?product=maszeruje-skrzat#primaryimage","url":"https:\/\/akademiakaprys.pl\/wp-content\/uploads\/2022\/09\/Maszeruje-skrzat-foto.jpg","contentUrl":"https:\/\/akademiakaprys.pl\/wp-content\/uploads\/2022\/09\/Maszeruje-skrzat-foto.jpg","width":1028,"height":924,"caption":"Maszeruje skrzat foto"},{"@type":"BreadcrumbList","@id":"https:\/\/akademiakaprys.pl\/?product=maszeruje-skrzat#breadcrumb","itemListElement":[{"@type":"ListItem","position":1,"name":"Strona g\u0142\u00f3wna","item":"https:\/\/akademiakaprys.pl\/"},{"@type":"ListItem","position":2,"name":"Sklep","item":"https:\/\/akademiakaprys.pl\/?page_id=23"},{"@type":"ListItem","position":3,"name":"Maszeruje skrzat"}]},{"@type":"WebSite","@id":"https:\/\/akademiakaprys.pl\/#website","url":"https:\/\/akademiakaprys.pl\/","name":"","description":"","potentialAction":[{"@type":"SearchAction","target":{"@type":"EntryPoint","urlTemplate":"https:\/\/akademiakaprys.pl\/?s={search_term_string}"},"query-input":{"@type":"PropertyValueSpecification","valueRequired":true,"valueName":"search_term_string"}}],"inLanguage":"pl-PL"}]}},"jetpack_sharing_enabled":true,"_links":{"self":[{"href":"https:\/\/akademiakaprys.pl\/index.php?rest_route=\/wp\/v2\/product\/561","targetHints":{"allow":["GET"]}}],"collection":[{"href":"https:\/\/akademiakaprys.pl\/index.php?rest_route=\/wp\/v2\/product"}],"about":[{"href":"https:\/\/akademiakaprys.pl\/index.php?rest_route=\/wp\/v2\/types\/product"}],"wp:featuredmedia":[{"embeddable":true,"href":"https:\/\/akademiakaprys.pl\/index.php?rest_route=\/wp\/v2\/media\/563"}],"wp:attachment":[{"href":"https:\/\/akademiakaprys.pl\/index.php?rest_route=%2Fwp%2Fv2%2Fmedia&parent=561"}],"wp:term":[{"taxonomy":"product_brand","embeddable":true,"href":"https:\/\/akademiakaprys.pl\/index.php?rest_route=%2Fwp%2Fv2%2Fproduct_brand&post=561"},{"taxonomy":"product_cat","embeddable":true,"href":"https:\/\/akademiakaprys.pl\/index.php?rest_route=%2Fwp%2Fv2%2Fproduct_cat&post=561"},{"taxonomy":"product_tag","embeddable":true,"href":"https:\/\/akademiakaprys.pl\/index.php?rest_route=%2Fwp%2Fv2%2Fproduct_tag&post=561"}],"curies":[{"name":"wp","href":"https:\/\/api.w.org\/{rel}","templated":true}]}}