{"id":413,"date":"2021-12-28T22:05:13","date_gmt":"2021-12-28T22:05:13","guid":{"rendered":"https:\/\/akademiakaprys.pl\/?post_type=product&#038;p=413"},"modified":"2024-01-23T00:48:48","modified_gmt":"2024-01-23T00:48:48","slug":"dzien-babci-i-dziadka","status":"publish","type":"product","link":"https:\/\/akademiakaprys.pl\/?product=dzien-babci-i-dziadka","title":{"rendered":"Dzie\u0144 Babci i Dziadka piosenki i wierszyki"},"content":{"rendered":"","protected":false},"excerpt":{"rendered":"<p style=\"text-align: center;\">&#8222;Dzie\u0144 Babci i Dziadka&#8221; to 10 wierszyk\u00f3w na uroczysto\u015b\u0107 w przedszkolu. Ponadto zestaw zawiera 3 piosenki:<\/p>\n<p style=\"text-align: left;\">1. &#8222;\u017byczenia dla babci i dziadka&#8221;,<\/p>\n<p style=\"text-align: left;\">2. Koncert dla babci i dziadka (piosenka z wykorzystaniem instrument\u00f3w perkusyjnych: klawes\u00f3w, tr\u00f3jk\u0105ta i b\u0119benka),<\/p>\n<p style=\"text-align: center;\">3. Una Paloma Blanca &#8211; cover dla babci i dziadka.<\/p>\n<p style=\"text-align: center;\">Zbi\u00f3r opracowany jest dla dzieci w wieku 3-6 lat.<\/p>\n<p style=\"text-align: center;\">Piosenki w wersji wokalnej (nagrania studyjne) i instrumentalnej.<\/p>\n<p style=\"text-align: center;\">Tekst i muzyka: Katarzyna Czajkowska<\/p>\n<p style=\"text-align: center;\">Una Paloma Blanca &#8211; cover dla babci i dziadka &#8211; polski tekst Katarzyna Czajkowska<\/p>\n<p style=\"text-align: center;\">Pliki wysy\u0142ane s\u0105 na podany adres mailowy po zaksi\u0119gowaniu wp\u0142aty na konto.<\/p>\n<p style=\"text-align: center;\">Prosimy sprawdza\u0107 spam.<\/p>\n<p style=\"text-align: center;\">Pliki mo\u017cna pobra\u0107 2 razy w terminie 30 dni.<\/p>\n<p>&nbsp;<\/p>\n","protected":false},"featured_media":417,"template":"","meta":[],"product_brand":[],"product_cat":[15],"product_tag":[28,27,29,31,30],"class_list":{"0":"post-413","1":"product","2":"type-product","3":"status-publish","4":"has-post-thumbnail","6":"product_cat-bez-kategorii","7":"product_tag-dzienbabci","8":"product_tag-dzienbabciidziadka","9":"product_tag-dziendziadka","10":"product_tag-piosenkadlababciidziadka","11":"product_tag-wierszedlababciidziadka","13":"first","14":"instock","15":"downloadable","16":"shipping-taxable","17":"purchasable","18":"product-type-simple"},"yoast_head":"<!-- This site is optimized with the Yoast SEO plugin v26.9 - https:\/\/yoast.com\/product\/yoast-seo-wordpress\/ -->\n<title>Dzie\u0144 Babci i Dziadka piosenki i wierszyki -<\/title>\n<meta name=\"description\" content=\"&quot;Dzie\u0144 Babci i Dziadka&quot; to propozycja 10 wierszyk\u00f3w oraz piosenek: 1. &quot;\u017byczenia dla babci i dziadka&quot;, 2. Koncert dla babci i dziadka (piosenka z wykorzystaniem instrument\u00f3w perkusyjnych: klawes\u00f3w, tr\u00f3jk\u0105ta i b\u0119benka), 3. Una Paloma Blanca - Z dziadkami jest weso\u0142o. Zbi\u00f3r opracowany jest dla dzieci w wieku 4-6 lat. Piosenki w wersji wokalnej (nagrania studyjne) i instrumentalnej.\" \/>\n<meta name=\"robots\" content=\"index, follow, max-snippet:-1, max-image-preview:large, max-video-preview:-1\" \/>\n<link rel=\"canonical\" href=\"https:\/\/akademiakaprys.pl\/?product=dzien-babci-i-dziadka\" \/>\n<meta property=\"og:locale\" content=\"pl_PL\" \/>\n<meta property=\"og:type\" content=\"article\" \/>\n<meta property=\"og:title\" content=\"Dzie\u0144 Babci i Dziadka piosenki i wierszyki -\" \/>\n<meta property=\"og:description\" content=\"&quot;Dzie\u0144 Babci i Dziadka&quot; to propozycja 10 wierszyk\u00f3w oraz piosenek: 1. &quot;\u017byczenia dla babci i dziadka&quot;, 2. Koncert dla babci i dziadka (piosenka z wykorzystaniem instrument\u00f3w perkusyjnych: klawes\u00f3w, tr\u00f3jk\u0105ta i b\u0119benka), 3. Una Paloma Blanca - Z dziadkami jest weso\u0142o. Zbi\u00f3r opracowany jest dla dzieci w wieku 4-6 lat. Piosenki w wersji wokalnej (nagrania studyjne) i instrumentalnej.\" \/>\n<meta property=\"og:url\" content=\"https:\/\/akademiakaprys.pl\/?product=dzien-babci-i-dziadka\" \/>\n<meta property=\"article:modified_time\" content=\"2024-01-23T00:48:48+00:00\" \/>\n<meta property=\"og:image\" content=\"https:\/\/akademiakaprys.pl\/wp-content\/uploads\/2021\/12\/Dzien-Babci-i-Dziadka.jpg\" \/>\n\t<meta property=\"og:image:width\" content=\"1587\" \/>\n\t<meta property=\"og:image:height\" content=\"2245\" \/>\n\t<meta property=\"og:image:type\" content=\"image\/jpeg\" \/>\n<meta name=\"twitter:card\" content=\"summary_large_image\" \/>\n<meta name=\"twitter:label1\" content=\"Szacowany czas czytania\" \/>\n\t<meta name=\"twitter:data1\" content=\"1 minuta\" \/>\n<script type=\"application\/ld+json\" class=\"yoast-schema-graph\">{\"@context\":\"https:\/\/schema.org\",\"@graph\":[{\"@type\":\"WebPage\",\"@id\":\"https:\/\/akademiakaprys.pl\/?product=dzien-babci-i-dziadka\",\"url\":\"https:\/\/akademiakaprys.pl\/?product=dzien-babci-i-dziadka\",\"name\":\"Dzie\u0144 Babci i Dziadka piosenki i wierszyki -\",\"isPartOf\":{\"@id\":\"https:\/\/akademiakaprys.pl\/#website\"},\"primaryImageOfPage\":{\"@id\":\"https:\/\/akademiakaprys.pl\/?product=dzien-babci-i-dziadka#primaryimage\"},\"image\":{\"@id\":\"https:\/\/akademiakaprys.pl\/?product=dzien-babci-i-dziadka#primaryimage\"},\"thumbnailUrl\":\"https:\/\/akademiakaprys.pl\/wp-content\/uploads\/2021\/12\/Dzien-Babci-i-Dziadka.jpg\",\"datePublished\":\"2021-12-28T22:05:13+00:00\",\"dateModified\":\"2024-01-23T00:48:48+00:00\",\"description\":\"\\\"Dzie\u0144 Babci i Dziadka\\\" to propozycja 10 wierszyk\u00f3w oraz piosenek: 1. \\\"\u017byczenia dla babci i dziadka\\\", 2. Koncert dla babci i dziadka (piosenka z wykorzystaniem instrument\u00f3w perkusyjnych: klawes\u00f3w, tr\u00f3jk\u0105ta i b\u0119benka), 3. Una Paloma Blanca - Z dziadkami jest weso\u0142o. Zbi\u00f3r opracowany jest dla dzieci w wieku 4-6 lat. Piosenki w wersji wokalnej (nagrania studyjne) i instrumentalnej.\",\"breadcrumb\":{\"@id\":\"https:\/\/akademiakaprys.pl\/?product=dzien-babci-i-dziadka#breadcrumb\"},\"inLanguage\":\"pl-PL\",\"potentialAction\":[{\"@type\":\"ReadAction\",\"target\":[\"https:\/\/akademiakaprys.pl\/?product=dzien-babci-i-dziadka\"]}]},{\"@type\":\"ImageObject\",\"inLanguage\":\"pl-PL\",\"@id\":\"https:\/\/akademiakaprys.pl\/?product=dzien-babci-i-dziadka#primaryimage\",\"url\":\"https:\/\/akademiakaprys.pl\/wp-content\/uploads\/2021\/12\/Dzien-Babci-i-Dziadka.jpg\",\"contentUrl\":\"https:\/\/akademiakaprys.pl\/wp-content\/uploads\/2021\/12\/Dzien-Babci-i-Dziadka.jpg\",\"width\":1587,\"height\":2245},{\"@type\":\"BreadcrumbList\",\"@id\":\"https:\/\/akademiakaprys.pl\/?product=dzien-babci-i-dziadka#breadcrumb\",\"itemListElement\":[{\"@type\":\"ListItem\",\"position\":1,\"name\":\"Strona g\u0142\u00f3wna\",\"item\":\"https:\/\/akademiakaprys.pl\/\"},{\"@type\":\"ListItem\",\"position\":2,\"name\":\"Sklep\",\"item\":\"https:\/\/akademiakaprys.pl\/?page_id=23\"},{\"@type\":\"ListItem\",\"position\":3,\"name\":\"Dzie\u0144 Babci i Dziadka piosenki i wierszyki\"}]},{\"@type\":\"WebSite\",\"@id\":\"https:\/\/akademiakaprys.pl\/#website\",\"url\":\"https:\/\/akademiakaprys.pl\/\",\"name\":\"\",\"description\":\"\",\"potentialAction\":[{\"@type\":\"SearchAction\",\"target\":{\"@type\":\"EntryPoint\",\"urlTemplate\":\"https:\/\/akademiakaprys.pl\/?s={search_term_string}\"},\"query-input\":{\"@type\":\"PropertyValueSpecification\",\"valueRequired\":true,\"valueName\":\"search_term_string\"}}],\"inLanguage\":\"pl-PL\"}]}<\/script>\n<!-- \/ Yoast SEO plugin. -->","yoast_head_json":{"title":"Dzie\u0144 Babci i Dziadka piosenki i wierszyki -","description":"\"Dzie\u0144 Babci i Dziadka\" to propozycja 10 wierszyk\u00f3w oraz piosenek: 1. \"\u017byczenia dla babci i dziadka\", 2. Koncert dla babci i dziadka (piosenka z wykorzystaniem instrument\u00f3w perkusyjnych: klawes\u00f3w, tr\u00f3jk\u0105ta i b\u0119benka), 3. Una Paloma Blanca - Z dziadkami jest weso\u0142o. Zbi\u00f3r opracowany jest dla dzieci w wieku 4-6 lat. Piosenki w wersji wokalnej (nagrania studyjne) i instrumentalnej.","robots":{"index":"index","follow":"follow","max-snippet":"max-snippet:-1","max-image-preview":"max-image-preview:large","max-video-preview":"max-video-preview:-1"},"canonical":"https:\/\/akademiakaprys.pl\/?product=dzien-babci-i-dziadka","og_locale":"pl_PL","og_type":"article","og_title":"Dzie\u0144 Babci i Dziadka piosenki i wierszyki -","og_description":"\"Dzie\u0144 Babci i Dziadka\" to propozycja 10 wierszyk\u00f3w oraz piosenek: 1. \"\u017byczenia dla babci i dziadka\", 2. Koncert dla babci i dziadka (piosenka z wykorzystaniem instrument\u00f3w perkusyjnych: klawes\u00f3w, tr\u00f3jk\u0105ta i b\u0119benka), 3. Una Paloma Blanca - Z dziadkami jest weso\u0142o. Zbi\u00f3r opracowany jest dla dzieci w wieku 4-6 lat. Piosenki w wersji wokalnej (nagrania studyjne) i instrumentalnej.","og_url":"https:\/\/akademiakaprys.pl\/?product=dzien-babci-i-dziadka","article_modified_time":"2024-01-23T00:48:48+00:00","og_image":[{"width":1587,"height":2245,"url":"https:\/\/akademiakaprys.pl\/wp-content\/uploads\/2021\/12\/Dzien-Babci-i-Dziadka.jpg","type":"image\/jpeg"}],"twitter_card":"summary_large_image","twitter_misc":{"Szacowany czas czytania":"1 minuta"},"schema":{"@context":"https:\/\/schema.org","@graph":[{"@type":"WebPage","@id":"https:\/\/akademiakaprys.pl\/?product=dzien-babci-i-dziadka","url":"https:\/\/akademiakaprys.pl\/?product=dzien-babci-i-dziadka","name":"Dzie\u0144 Babci i Dziadka piosenki i wierszyki -","isPartOf":{"@id":"https:\/\/akademiakaprys.pl\/#website"},"primaryImageOfPage":{"@id":"https:\/\/akademiakaprys.pl\/?product=dzien-babci-i-dziadka#primaryimage"},"image":{"@id":"https:\/\/akademiakaprys.pl\/?product=dzien-babci-i-dziadka#primaryimage"},"thumbnailUrl":"https:\/\/akademiakaprys.pl\/wp-content\/uploads\/2021\/12\/Dzien-Babci-i-Dziadka.jpg","datePublished":"2021-12-28T22:05:13+00:00","dateModified":"2024-01-23T00:48:48+00:00","description":"\"Dzie\u0144 Babci i Dziadka\" to propozycja 10 wierszyk\u00f3w oraz piosenek: 1. \"\u017byczenia dla babci i dziadka\", 2. Koncert dla babci i dziadka (piosenka z wykorzystaniem instrument\u00f3w perkusyjnych: klawes\u00f3w, tr\u00f3jk\u0105ta i b\u0119benka), 3. Una Paloma Blanca - Z dziadkami jest weso\u0142o. Zbi\u00f3r opracowany jest dla dzieci w wieku 4-6 lat. Piosenki w wersji wokalnej (nagrania studyjne) i instrumentalnej.","breadcrumb":{"@id":"https:\/\/akademiakaprys.pl\/?product=dzien-babci-i-dziadka#breadcrumb"},"inLanguage":"pl-PL","potentialAction":[{"@type":"ReadAction","target":["https:\/\/akademiakaprys.pl\/?product=dzien-babci-i-dziadka"]}]},{"@type":"ImageObject","inLanguage":"pl-PL","@id":"https:\/\/akademiakaprys.pl\/?product=dzien-babci-i-dziadka#primaryimage","url":"https:\/\/akademiakaprys.pl\/wp-content\/uploads\/2021\/12\/Dzien-Babci-i-Dziadka.jpg","contentUrl":"https:\/\/akademiakaprys.pl\/wp-content\/uploads\/2021\/12\/Dzien-Babci-i-Dziadka.jpg","width":1587,"height":2245},{"@type":"BreadcrumbList","@id":"https:\/\/akademiakaprys.pl\/?product=dzien-babci-i-dziadka#breadcrumb","itemListElement":[{"@type":"ListItem","position":1,"name":"Strona g\u0142\u00f3wna","item":"https:\/\/akademiakaprys.pl\/"},{"@type":"ListItem","position":2,"name":"Sklep","item":"https:\/\/akademiakaprys.pl\/?page_id=23"},{"@type":"ListItem","position":3,"name":"Dzie\u0144 Babci i Dziadka piosenki i wierszyki"}]},{"@type":"WebSite","@id":"https:\/\/akademiakaprys.pl\/#website","url":"https:\/\/akademiakaprys.pl\/","name":"","description":"","potentialAction":[{"@type":"SearchAction","target":{"@type":"EntryPoint","urlTemplate":"https:\/\/akademiakaprys.pl\/?s={search_term_string}"},"query-input":{"@type":"PropertyValueSpecification","valueRequired":true,"valueName":"search_term_string"}}],"inLanguage":"pl-PL"}]}},"jetpack_sharing_enabled":true,"_links":{"self":[{"href":"https:\/\/akademiakaprys.pl\/index.php?rest_route=\/wp\/v2\/product\/413","targetHints":{"allow":["GET"]}}],"collection":[{"href":"https:\/\/akademiakaprys.pl\/index.php?rest_route=\/wp\/v2\/product"}],"about":[{"href":"https:\/\/akademiakaprys.pl\/index.php?rest_route=\/wp\/v2\/types\/product"}],"wp:featuredmedia":[{"embeddable":true,"href":"https:\/\/akademiakaprys.pl\/index.php?rest_route=\/wp\/v2\/media\/417"}],"wp:attachment":[{"href":"https:\/\/akademiakaprys.pl\/index.php?rest_route=%2Fwp%2Fv2%2Fmedia&parent=413"}],"wp:term":[{"taxonomy":"product_brand","embeddable":true,"href":"https:\/\/akademiakaprys.pl\/index.php?rest_route=%2Fwp%2Fv2%2Fproduct_brand&post=413"},{"taxonomy":"product_cat","embeddable":true,"href":"https:\/\/akademiakaprys.pl\/index.php?rest_route=%2Fwp%2Fv2%2Fproduct_cat&post=413"},{"taxonomy":"product_tag","embeddable":true,"href":"https:\/\/akademiakaprys.pl\/index.php?rest_route=%2Fwp%2Fv2%2Fproduct_tag&post=413"}],"curies":[{"name":"wp","href":"https:\/\/api.w.org\/{rel}","templated":true}]}}