{"id":388,"date":"2021-11-14T16:05:57","date_gmt":"2021-11-14T16:05:57","guid":{"rendered":"https:\/\/akademiakaprys.pl\/?post_type=product&#038;p=388"},"modified":"2022-02-16T00:05:40","modified_gmt":"2022-02-16T00:05:40","slug":"mam-chusteczke-kolorowa-wersja-1","status":"publish","type":"product","link":"https:\/\/akademiakaprys.pl\/?product=mam-chusteczke-kolorowa-wersja-1","title":{"rendered":"MAM CHUSTECZK\u0118 KOLOROW\u0104 wersja 1"},"content":{"rendered":"<p>&#8222;Mam chusteczk\u0119 kolorow\u0105 &#8211; wersja 1&#8221; to zabawa muzyczna, dzi\u0119ki kt\u00f3rej mo\u017cna usprawnia\u0107 prac\u0119 r\u0119ki oraz orientacj\u0119 w schemacie cia\u0142a.<\/p>\n<p>Jest to propozycja dla dzieci starszych, kt\u00f3re rozr\u00f3\u017cniaj\u0105 stron\u0119 praw\u0105 i lew\u0105.<\/p>\n<p>&nbsp;<\/p>\n<p>Zestaw zawiera piosenk\u0119 oraz plik tekstowy.<\/p>\n<p>&nbsp;<\/p>\n<p>Pliki s\u0105 udost\u0119pniane automatycznie w przypadku dokonania p\u0142atno\u015bci za pomoc\u0105 PayPal lub Przelewy24.<\/p>\n<p>Je\u015bli dokonano p\u0142atno\u015bci za pomoc\u0105 przelewu tradycyjnego, pliki zostan\u0105 udost\u0119pnione po zaksi\u0119gowaniu wp\u0142aty na konto.<\/p>\n<p>Po z\u0142o\u017ceniu zam\u00f3wienia prosimy o sprawdzenie SPAM, poniewa\u017c zdarza si\u0119, \u017ce link do pobrania plik\u00f3w do niego trafia.<\/p>\n<p>&nbsp;<\/p>\n","protected":false},"excerpt":{"rendered":"<p>&nbsp;<\/p>\n<p>&#8222;Mam chusteczk\u0119 kolorow\u0105 &#8211; wersja 1&#8221; to zabawa muzyczna, dzi\u0119ki kt\u00f3rej mo\u017cna usprawnia\u0107 prac\u0119 r\u0119ki oraz orientacj\u0119 w schemacie cia\u0142a. Jest to propozycja dla dzieci starszych, kt\u00f3re rozr\u00f3\u017cniaj\u0105 stron\u0119 praw\u0105 i lew\u0105.<\/p>\n<p>&nbsp;<\/p>\n","protected":false},"featured_media":390,"template":"","meta":[],"product_brand":[],"product_cat":[15],"product_tag":[21,18,20,19,17],"class_list":{"0":"post-388","1":"product","2":"type-product","3":"status-publish","4":"has-post-thumbnail","6":"product_cat-bez-kategorii","7":"product_tag-akademiakaprys","8":"product_tag-inspiracjemuzyczne","9":"product_tag-motorykamala","10":"product_tag-piosenkidladzieci","11":"product_tag-zabawymuzyczne","13":"first","14":"instock","15":"downloadable","16":"shipping-taxable","17":"purchasable","18":"product-type-simple"},"yoast_head":"<!-- This site is optimized with the Yoast SEO plugin v26.9 - https:\/\/yoast.com\/product\/yoast-seo-wordpress\/ -->\n<title>MAM CHUSTECZK\u0118 KOLOROW\u0104 wersja 1 -<\/title>\n<meta name=\"description\" content=\"Mam chusteczk\u0119 kolorow\u0105 wersja 1 - zabawa muzyczna usprawniaj\u0105ca prac\u0119 r\u0119ki oraz orientacj\u0119 w schemacie cia\u0142a. Zestaw zawiera piosenk\u0119 i plik tekstowy.\" \/>\n<meta name=\"robots\" content=\"index, follow, max-snippet:-1, max-image-preview:large, max-video-preview:-1\" \/>\n<link rel=\"canonical\" href=\"https:\/\/akademiakaprys.pl\/?product=mam-chusteczke-kolorowa-wersja-1\" \/>\n<meta property=\"og:locale\" content=\"pl_PL\" \/>\n<meta property=\"og:type\" content=\"article\" \/>\n<meta property=\"og:title\" content=\"MAM CHUSTECZK\u0118 KOLOROW\u0104 wersja 1 -\" \/>\n<meta property=\"og:description\" content=\"Mam chusteczk\u0119 kolorow\u0105 wersja 1 - zabawa muzyczna usprawniaj\u0105ca prac\u0119 r\u0119ki oraz orientacj\u0119 w schemacie cia\u0142a. Zestaw zawiera piosenk\u0119 i plik tekstowy.\" \/>\n<meta property=\"og:url\" content=\"https:\/\/akademiakaprys.pl\/?product=mam-chusteczke-kolorowa-wersja-1\" \/>\n<meta property=\"article:modified_time\" content=\"2022-02-16T00:05:40+00:00\" \/>\n<meta property=\"og:image\" content=\"https:\/\/akademiakaprys.pl\/wp-content\/uploads\/2021\/11\/Mam-chusteczke-1-naglowek.jpg\" \/>\n\t<meta property=\"og:image:width\" content=\"1920\" \/>\n\t<meta property=\"og:image:height\" content=\"1080\" \/>\n\t<meta property=\"og:image:type\" content=\"image\/jpeg\" \/>\n<meta name=\"twitter:card\" content=\"summary_large_image\" \/>\n<meta name=\"twitter:label1\" content=\"Szacowany czas czytania\" \/>\n\t<meta name=\"twitter:data1\" content=\"1 minuta\" \/>\n<script type=\"application\/ld+json\" class=\"yoast-schema-graph\">{\"@context\":\"https:\/\/schema.org\",\"@graph\":[{\"@type\":\"WebPage\",\"@id\":\"https:\/\/akademiakaprys.pl\/?product=mam-chusteczke-kolorowa-wersja-1\",\"url\":\"https:\/\/akademiakaprys.pl\/?product=mam-chusteczke-kolorowa-wersja-1\",\"name\":\"MAM CHUSTECZK\u0118 KOLOROW\u0104 wersja 1 -\",\"isPartOf\":{\"@id\":\"https:\/\/akademiakaprys.pl\/#website\"},\"primaryImageOfPage\":{\"@id\":\"https:\/\/akademiakaprys.pl\/?product=mam-chusteczke-kolorowa-wersja-1#primaryimage\"},\"image\":{\"@id\":\"https:\/\/akademiakaprys.pl\/?product=mam-chusteczke-kolorowa-wersja-1#primaryimage\"},\"thumbnailUrl\":\"https:\/\/akademiakaprys.pl\/wp-content\/uploads\/2021\/11\/Mam-chusteczke-1-naglowek.jpg\",\"datePublished\":\"2021-11-14T16:05:57+00:00\",\"dateModified\":\"2022-02-16T00:05:40+00:00\",\"description\":\"Mam chusteczk\u0119 kolorow\u0105 wersja 1 - zabawa muzyczna usprawniaj\u0105ca prac\u0119 r\u0119ki oraz orientacj\u0119 w schemacie cia\u0142a. Zestaw zawiera piosenk\u0119 i plik tekstowy.\",\"breadcrumb\":{\"@id\":\"https:\/\/akademiakaprys.pl\/?product=mam-chusteczke-kolorowa-wersja-1#breadcrumb\"},\"inLanguage\":\"pl-PL\",\"potentialAction\":[{\"@type\":\"ReadAction\",\"target\":[\"https:\/\/akademiakaprys.pl\/?product=mam-chusteczke-kolorowa-wersja-1\"]}]},{\"@type\":\"ImageObject\",\"inLanguage\":\"pl-PL\",\"@id\":\"https:\/\/akademiakaprys.pl\/?product=mam-chusteczke-kolorowa-wersja-1#primaryimage\",\"url\":\"https:\/\/akademiakaprys.pl\/wp-content\/uploads\/2021\/11\/Mam-chusteczke-1-naglowek.jpg\",\"contentUrl\":\"https:\/\/akademiakaprys.pl\/wp-content\/uploads\/2021\/11\/Mam-chusteczke-1-naglowek.jpg\",\"width\":1920,\"height\":1080},{\"@type\":\"BreadcrumbList\",\"@id\":\"https:\/\/akademiakaprys.pl\/?product=mam-chusteczke-kolorowa-wersja-1#breadcrumb\",\"itemListElement\":[{\"@type\":\"ListItem\",\"position\":1,\"name\":\"Strona g\u0142\u00f3wna\",\"item\":\"https:\/\/akademiakaprys.pl\/\"},{\"@type\":\"ListItem\",\"position\":2,\"name\":\"Sklep\",\"item\":\"https:\/\/akademiakaprys.pl\/?page_id=23\"},{\"@type\":\"ListItem\",\"position\":3,\"name\":\"MAM CHUSTECZK\u0118 KOLOROW\u0104 wersja 1\"}]},{\"@type\":\"WebSite\",\"@id\":\"https:\/\/akademiakaprys.pl\/#website\",\"url\":\"https:\/\/akademiakaprys.pl\/\",\"name\":\"\",\"description\":\"\",\"potentialAction\":[{\"@type\":\"SearchAction\",\"target\":{\"@type\":\"EntryPoint\",\"urlTemplate\":\"https:\/\/akademiakaprys.pl\/?s={search_term_string}\"},\"query-input\":{\"@type\":\"PropertyValueSpecification\",\"valueRequired\":true,\"valueName\":\"search_term_string\"}}],\"inLanguage\":\"pl-PL\"}]}<\/script>\n<!-- \/ Yoast SEO plugin. -->","yoast_head_json":{"title":"MAM CHUSTECZK\u0118 KOLOROW\u0104 wersja 1 -","description":"Mam chusteczk\u0119 kolorow\u0105 wersja 1 - zabawa muzyczna usprawniaj\u0105ca prac\u0119 r\u0119ki oraz orientacj\u0119 w schemacie cia\u0142a. Zestaw zawiera piosenk\u0119 i plik tekstowy.","robots":{"index":"index","follow":"follow","max-snippet":"max-snippet:-1","max-image-preview":"max-image-preview:large","max-video-preview":"max-video-preview:-1"},"canonical":"https:\/\/akademiakaprys.pl\/?product=mam-chusteczke-kolorowa-wersja-1","og_locale":"pl_PL","og_type":"article","og_title":"MAM CHUSTECZK\u0118 KOLOROW\u0104 wersja 1 -","og_description":"Mam chusteczk\u0119 kolorow\u0105 wersja 1 - zabawa muzyczna usprawniaj\u0105ca prac\u0119 r\u0119ki oraz orientacj\u0119 w schemacie cia\u0142a. Zestaw zawiera piosenk\u0119 i plik tekstowy.","og_url":"https:\/\/akademiakaprys.pl\/?product=mam-chusteczke-kolorowa-wersja-1","article_modified_time":"2022-02-16T00:05:40+00:00","og_image":[{"width":1920,"height":1080,"url":"https:\/\/akademiakaprys.pl\/wp-content\/uploads\/2021\/11\/Mam-chusteczke-1-naglowek.jpg","type":"image\/jpeg"}],"twitter_card":"summary_large_image","twitter_misc":{"Szacowany czas czytania":"1 minuta"},"schema":{"@context":"https:\/\/schema.org","@graph":[{"@type":"WebPage","@id":"https:\/\/akademiakaprys.pl\/?product=mam-chusteczke-kolorowa-wersja-1","url":"https:\/\/akademiakaprys.pl\/?product=mam-chusteczke-kolorowa-wersja-1","name":"MAM CHUSTECZK\u0118 KOLOROW\u0104 wersja 1 -","isPartOf":{"@id":"https:\/\/akademiakaprys.pl\/#website"},"primaryImageOfPage":{"@id":"https:\/\/akademiakaprys.pl\/?product=mam-chusteczke-kolorowa-wersja-1#primaryimage"},"image":{"@id":"https:\/\/akademiakaprys.pl\/?product=mam-chusteczke-kolorowa-wersja-1#primaryimage"},"thumbnailUrl":"https:\/\/akademiakaprys.pl\/wp-content\/uploads\/2021\/11\/Mam-chusteczke-1-naglowek.jpg","datePublished":"2021-11-14T16:05:57+00:00","dateModified":"2022-02-16T00:05:40+00:00","description":"Mam chusteczk\u0119 kolorow\u0105 wersja 1 - zabawa muzyczna usprawniaj\u0105ca prac\u0119 r\u0119ki oraz orientacj\u0119 w schemacie cia\u0142a. Zestaw zawiera piosenk\u0119 i plik tekstowy.","breadcrumb":{"@id":"https:\/\/akademiakaprys.pl\/?product=mam-chusteczke-kolorowa-wersja-1#breadcrumb"},"inLanguage":"pl-PL","potentialAction":[{"@type":"ReadAction","target":["https:\/\/akademiakaprys.pl\/?product=mam-chusteczke-kolorowa-wersja-1"]}]},{"@type":"ImageObject","inLanguage":"pl-PL","@id":"https:\/\/akademiakaprys.pl\/?product=mam-chusteczke-kolorowa-wersja-1#primaryimage","url":"https:\/\/akademiakaprys.pl\/wp-content\/uploads\/2021\/11\/Mam-chusteczke-1-naglowek.jpg","contentUrl":"https:\/\/akademiakaprys.pl\/wp-content\/uploads\/2021\/11\/Mam-chusteczke-1-naglowek.jpg","width":1920,"height":1080},{"@type":"BreadcrumbList","@id":"https:\/\/akademiakaprys.pl\/?product=mam-chusteczke-kolorowa-wersja-1#breadcrumb","itemListElement":[{"@type":"ListItem","position":1,"name":"Strona g\u0142\u00f3wna","item":"https:\/\/akademiakaprys.pl\/"},{"@type":"ListItem","position":2,"name":"Sklep","item":"https:\/\/akademiakaprys.pl\/?page_id=23"},{"@type":"ListItem","position":3,"name":"MAM CHUSTECZK\u0118 KOLOROW\u0104 wersja 1"}]},{"@type":"WebSite","@id":"https:\/\/akademiakaprys.pl\/#website","url":"https:\/\/akademiakaprys.pl\/","name":"","description":"","potentialAction":[{"@type":"SearchAction","target":{"@type":"EntryPoint","urlTemplate":"https:\/\/akademiakaprys.pl\/?s={search_term_string}"},"query-input":{"@type":"PropertyValueSpecification","valueRequired":true,"valueName":"search_term_string"}}],"inLanguage":"pl-PL"}]}},"jetpack_sharing_enabled":true,"_links":{"self":[{"href":"https:\/\/akademiakaprys.pl\/index.php?rest_route=\/wp\/v2\/product\/388","targetHints":{"allow":["GET"]}}],"collection":[{"href":"https:\/\/akademiakaprys.pl\/index.php?rest_route=\/wp\/v2\/product"}],"about":[{"href":"https:\/\/akademiakaprys.pl\/index.php?rest_route=\/wp\/v2\/types\/product"}],"wp:featuredmedia":[{"embeddable":true,"href":"https:\/\/akademiakaprys.pl\/index.php?rest_route=\/wp\/v2\/media\/390"}],"wp:attachment":[{"href":"https:\/\/akademiakaprys.pl\/index.php?rest_route=%2Fwp%2Fv2%2Fmedia&parent=388"}],"wp:term":[{"taxonomy":"product_brand","embeddable":true,"href":"https:\/\/akademiakaprys.pl\/index.php?rest_route=%2Fwp%2Fv2%2Fproduct_brand&post=388"},{"taxonomy":"product_cat","embeddable":true,"href":"https:\/\/akademiakaprys.pl\/index.php?rest_route=%2Fwp%2Fv2%2Fproduct_cat&post=388"},{"taxonomy":"product_tag","embeddable":true,"href":"https:\/\/akademiakaprys.pl\/index.php?rest_route=%2Fwp%2Fv2%2Fproduct_tag&post=388"}],"curies":[{"name":"wp","href":"https:\/\/api.w.org\/{rel}","templated":true}]}}