{"id":196,"date":"2021-05-02T11:48:33","date_gmt":"2021-05-02T11:48:33","guid":{"rendered":"https:\/\/akademiakaprys.pl\/?post_type=product&#038;p=196"},"modified":"2022-05-28T14:56:03","modified_gmt":"2022-05-28T14:56:03","slug":"dla-ciebie-mamo-gram-wersja-wokalno-instrumentalna","status":"publish","type":"product","link":"https:\/\/akademiakaprys.pl\/?product=dla-ciebie-mamo-gram-wersja-wokalno-instrumentalna","title":{"rendered":"&#8222;Dla ciebie, mamo, gram&#8221; &#8211; dwa w jednym &#8211; wersja wokalno-instrumentalna"},"content":{"rendered":"<p>&#8222;Dla ciebie, mamo, gram&#8221; &#8211; dwa w jednym, czyli wersja wokalno-instrumentalna mp3. W zestawie plik tekstowy. Pliki s\u0105 wysy\u0142ane po zaksi\u0119gowaniu wp\u0142aty na konto.<\/p>\n","protected":false},"excerpt":{"rendered":"<p><a href=\"https:\/\/akademiakaprys.pl\/wp-content\/uploads\/2021\/05\/Dla-ciebie-mamo-gram-wesrja-wokalno-instrumentalna.zip\">Dla ciebie, mamo, gram &#8211; wesrja wokalno-instrumentalna<\/a><\/p>\n","protected":false},"featured_media":88,"template":"","meta":[],"product_brand":[],"product_cat":[15],"product_tag":[],"class_list":{"0":"post-196","1":"product","2":"type-product","3":"status-publish","4":"has-post-thumbnail","6":"product_cat-bez-kategorii","8":"first","9":"instock","10":"downloadable","11":"shipping-taxable","12":"purchasable","13":"product-type-simple"},"yoast_head":"<!-- This site is optimized with the Yoast SEO plugin v26.9 - https:\/\/yoast.com\/product\/yoast-seo-wordpress\/ -->\n<title>&quot;Dla ciebie, mamo, gram&quot; - dwa w jednym - wersja wokalno-instrumentalna -<\/title>\n<meta name=\"description\" content=\"&quot;Dla ciebie, mamo, gram&quot; - piosenka na Dzie\u0144 Mamy - wersja wokalno-instrumentalna. Zestaw zawiera 2 pliki mp3 oraz plik tekstowy. W piosence do akompaniamentu wykonywanego przez dzieci wykorzystane zosta\u0142y instrumenty: klawesy, tr\u00f3jk\u0105t i b\u0119benek.\" \/>\n<meta name=\"robots\" content=\"index, follow, max-snippet:-1, max-image-preview:large, max-video-preview:-1\" \/>\n<link rel=\"canonical\" href=\"https:\/\/akademiakaprys.pl\/?product=dla-ciebie-mamo-gram-wersja-wokalno-instrumentalna\" \/>\n<meta property=\"og:locale\" content=\"pl_PL\" \/>\n<meta property=\"og:type\" content=\"article\" \/>\n<meta property=\"og:title\" content=\"&quot;Dla ciebie, mamo, gram&quot; - dwa w jednym - wersja wokalno-instrumentalna -\" \/>\n<meta property=\"og:description\" content=\"&quot;Dla ciebie, mamo, gram&quot; - piosenka na Dzie\u0144 Mamy - wersja wokalno-instrumentalna. Zestaw zawiera 2 pliki mp3 oraz plik tekstowy. W piosence do akompaniamentu wykonywanego przez dzieci wykorzystane zosta\u0142y instrumenty: klawesy, tr\u00f3jk\u0105t i b\u0119benek.\" \/>\n<meta property=\"og:url\" content=\"https:\/\/akademiakaprys.pl\/?product=dla-ciebie-mamo-gram-wersja-wokalno-instrumentalna\" \/>\n<meta property=\"article:modified_time\" content=\"2022-05-28T14:56:03+00:00\" \/>\n<meta property=\"og:image\" content=\"https:\/\/akademiakaprys.pl\/wp-content\/uploads\/2021\/02\/music-818459_1920.jpg\" \/>\n\t<meta property=\"og:image:width\" content=\"1046\" \/>\n\t<meta property=\"og:image:height\" content=\"686\" \/>\n\t<meta property=\"og:image:type\" content=\"image\/jpeg\" \/>\n<meta name=\"twitter:card\" content=\"summary_large_image\" \/>\n<meta name=\"twitter:label1\" content=\"Szacowany czas czytania\" \/>\n\t<meta name=\"twitter:data1\" content=\"1 minuta\" \/>\n<script type=\"application\/ld+json\" class=\"yoast-schema-graph\">{\"@context\":\"https:\/\/schema.org\",\"@graph\":[{\"@type\":\"WebPage\",\"@id\":\"https:\/\/akademiakaprys.pl\/?product=dla-ciebie-mamo-gram-wersja-wokalno-instrumentalna\",\"url\":\"https:\/\/akademiakaprys.pl\/?product=dla-ciebie-mamo-gram-wersja-wokalno-instrumentalna\",\"name\":\"\\\"Dla ciebie, mamo, gram\\\" - dwa w jednym - wersja wokalno-instrumentalna -\",\"isPartOf\":{\"@id\":\"https:\/\/akademiakaprys.pl\/#website\"},\"primaryImageOfPage\":{\"@id\":\"https:\/\/akademiakaprys.pl\/?product=dla-ciebie-mamo-gram-wersja-wokalno-instrumentalna#primaryimage\"},\"image\":{\"@id\":\"https:\/\/akademiakaprys.pl\/?product=dla-ciebie-mamo-gram-wersja-wokalno-instrumentalna#primaryimage\"},\"thumbnailUrl\":\"https:\/\/akademiakaprys.pl\/wp-content\/uploads\/2021\/02\/music-818459_1920.jpg\",\"datePublished\":\"2021-05-02T11:48:33+00:00\",\"dateModified\":\"2022-05-28T14:56:03+00:00\",\"description\":\"\\\"Dla ciebie, mamo, gram\\\" - piosenka na Dzie\u0144 Mamy - wersja wokalno-instrumentalna. Zestaw zawiera 2 pliki mp3 oraz plik tekstowy. W piosence do akompaniamentu wykonywanego przez dzieci wykorzystane zosta\u0142y instrumenty: klawesy, tr\u00f3jk\u0105t i b\u0119benek.\",\"breadcrumb\":{\"@id\":\"https:\/\/akademiakaprys.pl\/?product=dla-ciebie-mamo-gram-wersja-wokalno-instrumentalna#breadcrumb\"},\"inLanguage\":\"pl-PL\",\"potentialAction\":[{\"@type\":\"ReadAction\",\"target\":[\"https:\/\/akademiakaprys.pl\/?product=dla-ciebie-mamo-gram-wersja-wokalno-instrumentalna\"]}]},{\"@type\":\"ImageObject\",\"inLanguage\":\"pl-PL\",\"@id\":\"https:\/\/akademiakaprys.pl\/?product=dla-ciebie-mamo-gram-wersja-wokalno-instrumentalna#primaryimage\",\"url\":\"https:\/\/akademiakaprys.pl\/wp-content\/uploads\/2021\/02\/music-818459_1920.jpg\",\"contentUrl\":\"https:\/\/akademiakaprys.pl\/wp-content\/uploads\/2021\/02\/music-818459_1920.jpg\",\"width\":1046,\"height\":686,\"caption\":\"\\\"Dla ciebie, mamo, gram\\\" - wersja wokalno-instrumentalna\"},{\"@type\":\"BreadcrumbList\",\"@id\":\"https:\/\/akademiakaprys.pl\/?product=dla-ciebie-mamo-gram-wersja-wokalno-instrumentalna#breadcrumb\",\"itemListElement\":[{\"@type\":\"ListItem\",\"position\":1,\"name\":\"Strona g\u0142\u00f3wna\",\"item\":\"https:\/\/akademiakaprys.pl\/\"},{\"@type\":\"ListItem\",\"position\":2,\"name\":\"Sklep\",\"item\":\"https:\/\/akademiakaprys.pl\/?page_id=23\"},{\"@type\":\"ListItem\",\"position\":3,\"name\":\"&#8222;Dla ciebie, mamo, gram&#8221; &#8211; dwa w jednym &#8211; wersja wokalno-instrumentalna\"}]},{\"@type\":\"WebSite\",\"@id\":\"https:\/\/akademiakaprys.pl\/#website\",\"url\":\"https:\/\/akademiakaprys.pl\/\",\"name\":\"\",\"description\":\"\",\"potentialAction\":[{\"@type\":\"SearchAction\",\"target\":{\"@type\":\"EntryPoint\",\"urlTemplate\":\"https:\/\/akademiakaprys.pl\/?s={search_term_string}\"},\"query-input\":{\"@type\":\"PropertyValueSpecification\",\"valueRequired\":true,\"valueName\":\"search_term_string\"}}],\"inLanguage\":\"pl-PL\"}]}<\/script>\n<!-- \/ Yoast SEO plugin. -->","yoast_head_json":{"title":"\"Dla ciebie, mamo, gram\" - dwa w jednym - wersja wokalno-instrumentalna -","description":"\"Dla ciebie, mamo, gram\" - piosenka na Dzie\u0144 Mamy - wersja wokalno-instrumentalna. Zestaw zawiera 2 pliki mp3 oraz plik tekstowy. W piosence do akompaniamentu wykonywanego przez dzieci wykorzystane zosta\u0142y instrumenty: klawesy, tr\u00f3jk\u0105t i b\u0119benek.","robots":{"index":"index","follow":"follow","max-snippet":"max-snippet:-1","max-image-preview":"max-image-preview:large","max-video-preview":"max-video-preview:-1"},"canonical":"https:\/\/akademiakaprys.pl\/?product=dla-ciebie-mamo-gram-wersja-wokalno-instrumentalna","og_locale":"pl_PL","og_type":"article","og_title":"\"Dla ciebie, mamo, gram\" - dwa w jednym - wersja wokalno-instrumentalna -","og_description":"\"Dla ciebie, mamo, gram\" - piosenka na Dzie\u0144 Mamy - wersja wokalno-instrumentalna. Zestaw zawiera 2 pliki mp3 oraz plik tekstowy. W piosence do akompaniamentu wykonywanego przez dzieci wykorzystane zosta\u0142y instrumenty: klawesy, tr\u00f3jk\u0105t i b\u0119benek.","og_url":"https:\/\/akademiakaprys.pl\/?product=dla-ciebie-mamo-gram-wersja-wokalno-instrumentalna","article_modified_time":"2022-05-28T14:56:03+00:00","og_image":[{"width":1046,"height":686,"url":"https:\/\/akademiakaprys.pl\/wp-content\/uploads\/2021\/02\/music-818459_1920.jpg","type":"image\/jpeg"}],"twitter_card":"summary_large_image","twitter_misc":{"Szacowany czas czytania":"1 minuta"},"schema":{"@context":"https:\/\/schema.org","@graph":[{"@type":"WebPage","@id":"https:\/\/akademiakaprys.pl\/?product=dla-ciebie-mamo-gram-wersja-wokalno-instrumentalna","url":"https:\/\/akademiakaprys.pl\/?product=dla-ciebie-mamo-gram-wersja-wokalno-instrumentalna","name":"\"Dla ciebie, mamo, gram\" - dwa w jednym - wersja wokalno-instrumentalna -","isPartOf":{"@id":"https:\/\/akademiakaprys.pl\/#website"},"primaryImageOfPage":{"@id":"https:\/\/akademiakaprys.pl\/?product=dla-ciebie-mamo-gram-wersja-wokalno-instrumentalna#primaryimage"},"image":{"@id":"https:\/\/akademiakaprys.pl\/?product=dla-ciebie-mamo-gram-wersja-wokalno-instrumentalna#primaryimage"},"thumbnailUrl":"https:\/\/akademiakaprys.pl\/wp-content\/uploads\/2021\/02\/music-818459_1920.jpg","datePublished":"2021-05-02T11:48:33+00:00","dateModified":"2022-05-28T14:56:03+00:00","description":"\"Dla ciebie, mamo, gram\" - piosenka na Dzie\u0144 Mamy - wersja wokalno-instrumentalna. Zestaw zawiera 2 pliki mp3 oraz plik tekstowy. W piosence do akompaniamentu wykonywanego przez dzieci wykorzystane zosta\u0142y instrumenty: klawesy, tr\u00f3jk\u0105t i b\u0119benek.","breadcrumb":{"@id":"https:\/\/akademiakaprys.pl\/?product=dla-ciebie-mamo-gram-wersja-wokalno-instrumentalna#breadcrumb"},"inLanguage":"pl-PL","potentialAction":[{"@type":"ReadAction","target":["https:\/\/akademiakaprys.pl\/?product=dla-ciebie-mamo-gram-wersja-wokalno-instrumentalna"]}]},{"@type":"ImageObject","inLanguage":"pl-PL","@id":"https:\/\/akademiakaprys.pl\/?product=dla-ciebie-mamo-gram-wersja-wokalno-instrumentalna#primaryimage","url":"https:\/\/akademiakaprys.pl\/wp-content\/uploads\/2021\/02\/music-818459_1920.jpg","contentUrl":"https:\/\/akademiakaprys.pl\/wp-content\/uploads\/2021\/02\/music-818459_1920.jpg","width":1046,"height":686,"caption":"\"Dla ciebie, mamo, gram\" - wersja wokalno-instrumentalna"},{"@type":"BreadcrumbList","@id":"https:\/\/akademiakaprys.pl\/?product=dla-ciebie-mamo-gram-wersja-wokalno-instrumentalna#breadcrumb","itemListElement":[{"@type":"ListItem","position":1,"name":"Strona g\u0142\u00f3wna","item":"https:\/\/akademiakaprys.pl\/"},{"@type":"ListItem","position":2,"name":"Sklep","item":"https:\/\/akademiakaprys.pl\/?page_id=23"},{"@type":"ListItem","position":3,"name":"&#8222;Dla ciebie, mamo, gram&#8221; &#8211; dwa w jednym &#8211; wersja wokalno-instrumentalna"}]},{"@type":"WebSite","@id":"https:\/\/akademiakaprys.pl\/#website","url":"https:\/\/akademiakaprys.pl\/","name":"","description":"","potentialAction":[{"@type":"SearchAction","target":{"@type":"EntryPoint","urlTemplate":"https:\/\/akademiakaprys.pl\/?s={search_term_string}"},"query-input":{"@type":"PropertyValueSpecification","valueRequired":true,"valueName":"search_term_string"}}],"inLanguage":"pl-PL"}]}},"jetpack_sharing_enabled":true,"_links":{"self":[{"href":"https:\/\/akademiakaprys.pl\/index.php?rest_route=\/wp\/v2\/product\/196","targetHints":{"allow":["GET"]}}],"collection":[{"href":"https:\/\/akademiakaprys.pl\/index.php?rest_route=\/wp\/v2\/product"}],"about":[{"href":"https:\/\/akademiakaprys.pl\/index.php?rest_route=\/wp\/v2\/types\/product"}],"wp:featuredmedia":[{"embeddable":true,"href":"https:\/\/akademiakaprys.pl\/index.php?rest_route=\/wp\/v2\/media\/88"}],"wp:attachment":[{"href":"https:\/\/akademiakaprys.pl\/index.php?rest_route=%2Fwp%2Fv2%2Fmedia&parent=196"}],"wp:term":[{"taxonomy":"product_brand","embeddable":true,"href":"https:\/\/akademiakaprys.pl\/index.php?rest_route=%2Fwp%2Fv2%2Fproduct_brand&post=196"},{"taxonomy":"product_cat","embeddable":true,"href":"https:\/\/akademiakaprys.pl\/index.php?rest_route=%2Fwp%2Fv2%2Fproduct_cat&post=196"},{"taxonomy":"product_tag","embeddable":true,"href":"https:\/\/akademiakaprys.pl\/index.php?rest_route=%2Fwp%2Fv2%2Fproduct_tag&post=196"}],"curies":[{"name":"wp","href":"https:\/\/api.w.org\/{rel}","templated":true}]}}