{"id":1086,"date":"2024-10-16T17:13:22","date_gmt":"2024-10-16T17:13:22","guid":{"rendered":"https:\/\/akademiakaprys.pl\/?post_type=product&#038;p=1086"},"modified":"2024-11-22T07:47:35","modified_gmt":"2024-11-22T07:47:35","slug":"krece-krece-klaszcze-w-rece","status":"publish","type":"product","link":"https:\/\/akademiakaprys.pl\/?product=krece-krece-klaszcze-w-rece","title":{"rendered":"Kr\u0119c\u0119, kr\u0119c\u0119, klaszcz\u0119 w r\u0119ce"},"content":{"rendered":"<p>Zabawa, dzi\u0119ki kt\u00f3rej dzieci ucz\u0105 si\u0119 orientacji w schemacie cia\u0142a i przestrzeni.<\/p>\n","protected":false},"excerpt":{"rendered":"<p style=\"text-align: center;\">Cover przeboju Itsi Bitsi z polskim tekstem.<\/p>\n<p style=\"text-align: center;\">Zestaw zawiera nagranie studyjne wersji wokalnej.<\/p>\n<p style=\"text-align: center;\">Zam\u00f3wienie b\u0119dzie zrealizowane po zaksi\u0119gowaniu wp\u0142aty na konto.<\/p>\n<p style=\"text-align: center;\">Po z\u0142o\u017ceniu zam\u00f3wienia prosimy sprawdzi\u0107 SPAM, poniewa\u017c zdarza si\u0119,<br \/>\n\u017ce link do pobrania plik\u00f3w do niego trafia.<\/p>\n<p style=\"text-align: center;\">Zam\u00f3wione pliki nale\u017cy pobra\u0107 na komputer. Jest limit dw\u00f3ch pobra\u0144.<\/p>\n","protected":false},"featured_media":1066,"template":"","meta":[],"product_brand":[],"product_cat":[15],"product_tag":[36],"class_list":{"0":"post-1086","1":"product","2":"type-product","3":"status-publish","4":"has-post-thumbnail","6":"product_cat-bez-kategorii","7":"product_tag-rytmikawprzedszkolu-zabawymuzycznoruchowe-zabawymatematyczne-muzyczneinspiracje","9":"first","10":"instock","11":"downloadable","12":"shipping-taxable","13":"purchasable","14":"product-type-simple"},"yoast_head":"<!-- This site is optimized with the Yoast SEO plugin v26.9 - https:\/\/yoast.com\/product\/yoast-seo-wordpress\/ -->\n<title>Kr\u0119c\u0119, kr\u0119c\u0119, klaszcz\u0119 w r\u0119ce -<\/title>\n<meta name=\"description\" content=\"Cover piosenki &quot;Itsi Bitsi&quot;, zabawa muzyczno-ruchowa \u0107wicz\u0105ca orientacj\u0119 w schemacie cia\u0142a i przestrzeni.\" \/>\n<meta name=\"robots\" content=\"index, follow, max-snippet:-1, max-image-preview:large, max-video-preview:-1\" \/>\n<link rel=\"canonical\" href=\"https:\/\/akademiakaprys.pl\/?product=krece-krece-klaszcze-w-rece\" \/>\n<meta property=\"og:locale\" content=\"pl_PL\" \/>\n<meta property=\"og:type\" content=\"article\" \/>\n<meta property=\"og:title\" content=\"Kr\u0119c\u0119, kr\u0119c\u0119, klaszcz\u0119 w r\u0119ce -\" \/>\n<meta property=\"og:description\" content=\"Cover piosenki &quot;Itsi Bitsi&quot;, zabawa muzyczno-ruchowa \u0107wicz\u0105ca orientacj\u0119 w schemacie cia\u0142a i przestrzeni.\" \/>\n<meta property=\"og:url\" content=\"https:\/\/akademiakaprys.pl\/?product=krece-krece-klaszcze-w-rece\" \/>\n<meta property=\"article:modified_time\" content=\"2024-11-22T07:47:35+00:00\" \/>\n<meta property=\"og:image\" content=\"https:\/\/akademiakaprys.pl\/wp-content\/uploads\/2024\/10\/Krece-krece-klaszcze-w-rece.jpg\" \/>\n\t<meta property=\"og:image:width\" content=\"1920\" \/>\n\t<meta property=\"og:image:height\" content=\"1080\" \/>\n\t<meta property=\"og:image:type\" content=\"image\/jpeg\" \/>\n<meta name=\"twitter:card\" content=\"summary_large_image\" \/>\n<meta name=\"twitter:label1\" content=\"Szacowany czas czytania\" \/>\n\t<meta name=\"twitter:data1\" content=\"1 minuta\" \/>\n<script type=\"application\/ld+json\" class=\"yoast-schema-graph\">{\"@context\":\"https:\/\/schema.org\",\"@graph\":[{\"@type\":\"WebPage\",\"@id\":\"https:\/\/akademiakaprys.pl\/?product=krece-krece-klaszcze-w-rece\",\"url\":\"https:\/\/akademiakaprys.pl\/?product=krece-krece-klaszcze-w-rece\",\"name\":\"Kr\u0119c\u0119, kr\u0119c\u0119, klaszcz\u0119 w r\u0119ce -\",\"isPartOf\":{\"@id\":\"https:\/\/akademiakaprys.pl\/#website\"},\"primaryImageOfPage\":{\"@id\":\"https:\/\/akademiakaprys.pl\/?product=krece-krece-klaszcze-w-rece#primaryimage\"},\"image\":{\"@id\":\"https:\/\/akademiakaprys.pl\/?product=krece-krece-klaszcze-w-rece#primaryimage\"},\"thumbnailUrl\":\"https:\/\/akademiakaprys.pl\/wp-content\/uploads\/2024\/10\/Krece-krece-klaszcze-w-rece.jpg\",\"datePublished\":\"2024-10-16T17:13:22+00:00\",\"dateModified\":\"2024-11-22T07:47:35+00:00\",\"description\":\"Cover piosenki \\\"Itsi Bitsi\\\", zabawa muzyczno-ruchowa \u0107wicz\u0105ca orientacj\u0119 w schemacie cia\u0142a i przestrzeni.\",\"breadcrumb\":{\"@id\":\"https:\/\/akademiakaprys.pl\/?product=krece-krece-klaszcze-w-rece#breadcrumb\"},\"inLanguage\":\"pl-PL\",\"potentialAction\":[{\"@type\":\"ReadAction\",\"target\":[\"https:\/\/akademiakaprys.pl\/?product=krece-krece-klaszcze-w-rece\"]}]},{\"@type\":\"ImageObject\",\"inLanguage\":\"pl-PL\",\"@id\":\"https:\/\/akademiakaprys.pl\/?product=krece-krece-klaszcze-w-rece#primaryimage\",\"url\":\"https:\/\/akademiakaprys.pl\/wp-content\/uploads\/2024\/10\/Krece-krece-klaszcze-w-rece.jpg\",\"contentUrl\":\"https:\/\/akademiakaprys.pl\/wp-content\/uploads\/2024\/10\/Krece-krece-klaszcze-w-rece.jpg\",\"width\":1920,\"height\":1080},{\"@type\":\"BreadcrumbList\",\"@id\":\"https:\/\/akademiakaprys.pl\/?product=krece-krece-klaszcze-w-rece#breadcrumb\",\"itemListElement\":[{\"@type\":\"ListItem\",\"position\":1,\"name\":\"Strona g\u0142\u00f3wna\",\"item\":\"https:\/\/akademiakaprys.pl\/\"},{\"@type\":\"ListItem\",\"position\":2,\"name\":\"Sklep\",\"item\":\"https:\/\/akademiakaprys.pl\/?page_id=23\"},{\"@type\":\"ListItem\",\"position\":3,\"name\":\"Kr\u0119c\u0119, kr\u0119c\u0119, klaszcz\u0119 w r\u0119ce\"}]},{\"@type\":\"WebSite\",\"@id\":\"https:\/\/akademiakaprys.pl\/#website\",\"url\":\"https:\/\/akademiakaprys.pl\/\",\"name\":\"\",\"description\":\"\",\"potentialAction\":[{\"@type\":\"SearchAction\",\"target\":{\"@type\":\"EntryPoint\",\"urlTemplate\":\"https:\/\/akademiakaprys.pl\/?s={search_term_string}\"},\"query-input\":{\"@type\":\"PropertyValueSpecification\",\"valueRequired\":true,\"valueName\":\"search_term_string\"}}],\"inLanguage\":\"pl-PL\"}]}<\/script>\n<!-- \/ Yoast SEO plugin. -->","yoast_head_json":{"title":"Kr\u0119c\u0119, kr\u0119c\u0119, klaszcz\u0119 w r\u0119ce -","description":"Cover piosenki \"Itsi Bitsi\", zabawa muzyczno-ruchowa \u0107wicz\u0105ca orientacj\u0119 w schemacie cia\u0142a i przestrzeni.","robots":{"index":"index","follow":"follow","max-snippet":"max-snippet:-1","max-image-preview":"max-image-preview:large","max-video-preview":"max-video-preview:-1"},"canonical":"https:\/\/akademiakaprys.pl\/?product=krece-krece-klaszcze-w-rece","og_locale":"pl_PL","og_type":"article","og_title":"Kr\u0119c\u0119, kr\u0119c\u0119, klaszcz\u0119 w r\u0119ce -","og_description":"Cover piosenki \"Itsi Bitsi\", zabawa muzyczno-ruchowa \u0107wicz\u0105ca orientacj\u0119 w schemacie cia\u0142a i przestrzeni.","og_url":"https:\/\/akademiakaprys.pl\/?product=krece-krece-klaszcze-w-rece","article_modified_time":"2024-11-22T07:47:35+00:00","og_image":[{"width":1920,"height":1080,"url":"https:\/\/akademiakaprys.pl\/wp-content\/uploads\/2024\/10\/Krece-krece-klaszcze-w-rece.jpg","type":"image\/jpeg"}],"twitter_card":"summary_large_image","twitter_misc":{"Szacowany czas czytania":"1 minuta"},"schema":{"@context":"https:\/\/schema.org","@graph":[{"@type":"WebPage","@id":"https:\/\/akademiakaprys.pl\/?product=krece-krece-klaszcze-w-rece","url":"https:\/\/akademiakaprys.pl\/?product=krece-krece-klaszcze-w-rece","name":"Kr\u0119c\u0119, kr\u0119c\u0119, klaszcz\u0119 w r\u0119ce -","isPartOf":{"@id":"https:\/\/akademiakaprys.pl\/#website"},"primaryImageOfPage":{"@id":"https:\/\/akademiakaprys.pl\/?product=krece-krece-klaszcze-w-rece#primaryimage"},"image":{"@id":"https:\/\/akademiakaprys.pl\/?product=krece-krece-klaszcze-w-rece#primaryimage"},"thumbnailUrl":"https:\/\/akademiakaprys.pl\/wp-content\/uploads\/2024\/10\/Krece-krece-klaszcze-w-rece.jpg","datePublished":"2024-10-16T17:13:22+00:00","dateModified":"2024-11-22T07:47:35+00:00","description":"Cover piosenki \"Itsi Bitsi\", zabawa muzyczno-ruchowa \u0107wicz\u0105ca orientacj\u0119 w schemacie cia\u0142a i przestrzeni.","breadcrumb":{"@id":"https:\/\/akademiakaprys.pl\/?product=krece-krece-klaszcze-w-rece#breadcrumb"},"inLanguage":"pl-PL","potentialAction":[{"@type":"ReadAction","target":["https:\/\/akademiakaprys.pl\/?product=krece-krece-klaszcze-w-rece"]}]},{"@type":"ImageObject","inLanguage":"pl-PL","@id":"https:\/\/akademiakaprys.pl\/?product=krece-krece-klaszcze-w-rece#primaryimage","url":"https:\/\/akademiakaprys.pl\/wp-content\/uploads\/2024\/10\/Krece-krece-klaszcze-w-rece.jpg","contentUrl":"https:\/\/akademiakaprys.pl\/wp-content\/uploads\/2024\/10\/Krece-krece-klaszcze-w-rece.jpg","width":1920,"height":1080},{"@type":"BreadcrumbList","@id":"https:\/\/akademiakaprys.pl\/?product=krece-krece-klaszcze-w-rece#breadcrumb","itemListElement":[{"@type":"ListItem","position":1,"name":"Strona g\u0142\u00f3wna","item":"https:\/\/akademiakaprys.pl\/"},{"@type":"ListItem","position":2,"name":"Sklep","item":"https:\/\/akademiakaprys.pl\/?page_id=23"},{"@type":"ListItem","position":3,"name":"Kr\u0119c\u0119, kr\u0119c\u0119, klaszcz\u0119 w r\u0119ce"}]},{"@type":"WebSite","@id":"https:\/\/akademiakaprys.pl\/#website","url":"https:\/\/akademiakaprys.pl\/","name":"","description":"","potentialAction":[{"@type":"SearchAction","target":{"@type":"EntryPoint","urlTemplate":"https:\/\/akademiakaprys.pl\/?s={search_term_string}"},"query-input":{"@type":"PropertyValueSpecification","valueRequired":true,"valueName":"search_term_string"}}],"inLanguage":"pl-PL"}]}},"jetpack_sharing_enabled":true,"_links":{"self":[{"href":"https:\/\/akademiakaprys.pl\/index.php?rest_route=\/wp\/v2\/product\/1086","targetHints":{"allow":["GET"]}}],"collection":[{"href":"https:\/\/akademiakaprys.pl\/index.php?rest_route=\/wp\/v2\/product"}],"about":[{"href":"https:\/\/akademiakaprys.pl\/index.php?rest_route=\/wp\/v2\/types\/product"}],"wp:featuredmedia":[{"embeddable":true,"href":"https:\/\/akademiakaprys.pl\/index.php?rest_route=\/wp\/v2\/media\/1066"}],"wp:attachment":[{"href":"https:\/\/akademiakaprys.pl\/index.php?rest_route=%2Fwp%2Fv2%2Fmedia&parent=1086"}],"wp:term":[{"taxonomy":"product_brand","embeddable":true,"href":"https:\/\/akademiakaprys.pl\/index.php?rest_route=%2Fwp%2Fv2%2Fproduct_brand&post=1086"},{"taxonomy":"product_cat","embeddable":true,"href":"https:\/\/akademiakaprys.pl\/index.php?rest_route=%2Fwp%2Fv2%2Fproduct_cat&post=1086"},{"taxonomy":"product_tag","embeddable":true,"href":"https:\/\/akademiakaprys.pl\/index.php?rest_route=%2Fwp%2Fv2%2Fproduct_tag&post=1086"}],"curies":[{"name":"wp","href":"https:\/\/api.w.org\/{rel}","templated":true}]}}